{"id":9779,"date":"2023-11-21T15:40:39","date_gmt":"2023-11-21T14:40:39","guid":{"rendered":"https:\/\/americanconservatoryofparis.com\/cours-de-trompette\/"},"modified":"2026-05-11T10:46:08","modified_gmt":"2026-05-11T08:46:08","slug":"cours-de-trompette-paris","status":"publish","type":"page","link":"https:\/\/americanconservatoryofparis.com\/fr\/cours-de-trompette-paris\/","title":{"rendered":"Cours de trompette \u00e0 Paris"},"content":{"rendered":"<div class=\"wpb-content-wrapper\">[vc_row css_animation=\u00a0\u00bbtop-to-bottom\u00a0\u00bb bg_style=\u00a0\u00bbstretch\u00a0\u00bb video_bg_overlay=\u00a0\u00bbnone\u00a0\u00bb][vc_column width=\u00a0\u00bb1\/2&Prime;][vc_text_separator title=\u00a0\u00bbCours de trompette \u00e0 Paris &#8211; Informations\u00a0\u00bb title_align=\u00a0\u00bbseparator_align_left\u00a0\u00bb color=\u00a0\u00bbcustom\u00a0\u00bb element_type=\u00a0\u00bbdiv\u00a0\u00bb accent_color=\u00a0\u00bb#8a2194&Prime;]<div class=\"vcex-spacing wpex-w-100 wpex-clear\" style=\"height:10px;\"><\/div>[vc_column_text css=\u00a0\u00bb\u00a0\u00bb]\n<h2>Nos cours de trompette \u00e0 Paris sont ouverts aux enfants, aux adolescents et aux adultes, des d\u00e9butants complets aux \u00e9l\u00e8ves avanc\u00e9s. Les cours ont lieu dans le confort de votre domicile, selon un emploi du temps hebdomadaire adapt\u00e9 \u00e0 vous ou \u00e0 votre famille. Que vous commenciez la trompette pour la premi\u00e8re fois ou que vous poursuiviez des \u00e9tudes d\u00e9j\u00e0 engag\u00e9es, nos professeurs proposent une approche chaleureuse, structur\u00e9e et encourageante.   Tous les cours sont dispens\u00e9s en anglais.<\/h2>\n<p><span style=\"color: #333333; font-size: 16px;\">Rejoignez le Conservatoire pour commencer des cours de trompette \u00e0 Paris \u00e0 tout moment de l\u2019ann\u00e9e. Vous trouverez ci-dessous des informations sur notre offre, les modalit\u00e9s d\u2019inscription, ainsi que des ressources utiles si vous venez d\u2019arriver \u00e0 Paris. <\/span><\/p>\n<h3><span style=\"font-weight: inherit; font-style: inherit; font-family: 'Open Sans'; color: #333333;\">\u00c0 propos de la trompette<\/span><\/h3>\n<p><span style=\"color: #333333; font-size: 16px;\">La trompette, instrument de la famille des cuivres, est connue pour sa sonorit\u00e9 brillante et affirm\u00e9e, capable de se distinguer avec clart\u00e9 au sein des ensembles musicaux. Son timbre \u00e9clatant, produit par la vibration des l\u00e8vres de l\u2019instrumentiste, lui conf\u00e8re une qualit\u00e9 distinctive et polyvalente, faisant de la trompette un instrument essentiel dans de nombreux styles, des fanfares triomphantes de la musique classique aux improvisations vibrantes du jazz. <\/span><\/p>\n<p><span style=\"color: #333333; font-size: 16px;\">La trompette est un instrument que l\u2019on peut commencer \u00e0 partir d\u2019environ 9 ans, lorsque l\u2019enfant a ses dents d\u00e9finitives. C\u2019est un choix d\u2019instrument ludique pour les d\u00e9butants, les adolescents et les adultes. <\/span><\/p>\n<h3><span style=\"font-family: 'Open Sans'; color: #333333;\"><span style=\"font-weight: inherit; font-style: inherit;\"><span style=\"font-weight: 600; font-style: inherit;\">Nos professeurs<\/span><\/span><\/span><\/h3>\n<p><span style=\"font-size: 16px;\"><span style=\"color: #333333;\">Tous nos professeurs sont titulaires de dipl\u00f4mes universitaires ou de conservatoires sp\u00e9cifiques \u00e0 leur mati\u00e8re. Nous les s\u00e9lectionnons pour leur passion de la musique et leur sens de la p\u00e9dagogie. Ils adoptent toujours une approche encourageante et positive, en tenant compte des centres d\u2019int\u00e9r\u00eat, des envies et des objectifs de chaque \u00e9l\u00e8ve.  Nous enseignons selon une \u00ab approche am\u00e9ricaine \u00bb de l\u2019\u00e9ducation musicale, avec les mains sur l\u2019instrument d\u00e8s le premier jour (<\/span><a href=\"https:\/\/americanconservatoryofparis.com\/fr\/approche-americaine-enseignement-musique\/\">consultez notre article de blog sur l\u2019Approche Am\u00e9ricaine<\/a>).<\/span><\/p>\n<h3><span style=\"font-family: 'Open Sans'; color: #333333;\"><span style=\"font-weight: inherit; font-style: inherit;\"><span style=\"font-weight: 600; font-style: inherit;\">Cours d&rsquo;essai gratuit<\/span><\/span><\/span><\/h3>\n<p><span style=\"font-size: 16px; color: #333333;\">Un cours d&rsquo;essai gratuit de 45 minutes est offert \u00e0 tous les nouveaux \u00e9l\u00e8ves. Nous voulons nous assurer que le professeur que nous avons selectionn\u00e9 pour vous est le bon!<\/span><\/p>\n<h3><span style=\"font-family: 'Open Sans'; color: #333333;\"><span style=\"font-weight: inherit; font-style: inherit;\"><span style=\"font-weight: 600; font-style: inherit;\">Options de cours de trompette<\/span><\/span><\/span><\/h3>\n<p><span style=\"color: #333333; font-size: 16px;\">Nous proposons des cours hebdomadaires de 45 minutes ou d\u20191 heure. Des cours en bin\u00f4me sont possibles avec un fr\u00e8re, une s\u0153ur ou un ami, au m\u00eame endroit et au m\u00eame horaire.<br \/>Les cours de trompette \u00e0 Paris ont lieu \u00e0 votre domicile, le jour et \u00e0 l\u2019heure de votre choix. Si vous ne souhaitez pas suivre les cours \u00e0 domicile pour une raison quelconque, nous pouvons organiser un studio pour vous \u00e0 Paris.   <\/span><\/p>\n<h3><span style=\"color: #333333;\">Ce que vous apprendrez<\/span><\/h3>\n<p><span style=\"color: #333333; font-size: 16px;\">Les cours de trompette comprendront un travail sur les bases techniques de l\u2019instrument \u2014 embouchure correcte, ma\u00eetrise du souffle et comp\u00e9tences n\u00e9cessaires pour produire des sons clairs \u2014, l\u2019exploration d\u2019un r\u00e9pertoire vari\u00e9, le d\u00e9veloppement des comp\u00e9tences d\u2019interpr\u00e9tation et, pour les \u00e9l\u00e8ves plus avanc\u00e9s, des techniques d\u2019improvisation.<br \/>Si vous n\u2019avez pas encore de trompette, veuillez consulter les ressources utiles ci-dessous. <\/span><\/p>\n<h3><span style=\"color: #333333;\">Styles de musique<\/span><\/h3>\n<p><span style=\"color: #333333; font-size: 16px;\">Tous les styles de musique sont enseign\u00e9s : classique, pop, jazz, rock, etc.<\/span><\/p>\n<h3><span style=\"color: #333333;\">Deux concerts par an<\/span><\/h3>\n<p><span style=\"color: #333333; font-size: 16px;\">Deux occasions de se produire en public sont propos\u00e9es \u00e0 tous les \u00e9l\u00e8ves dans une belle salle parisienne : l\u2019une \u00e0 la fin du mois de janvier et l\u2019autre au d\u00e9but du mois de juin.<\/span><\/p>\n<h3><span style=\"color: #333333;\">Cahier de devoirs<\/span><\/h3>\n<p><span style=\"color: #333333; font-size: 16px;\">Tous les \u00e9l\u00e8ves re\u00e7oivent un <em>cahier de devoirs<\/em> pour que les professeurs \u00e9crivent les devoirs de la semaine et pour que les \u00e9l\u00e8ves notent leurs temps de travail journalier.<\/span><\/p>\n<h3><span style=\"color: #333333;\">Faisons connaissance!<\/span><\/h3>\n<p><span style=\"color: #333333; font-size: 16px;\">Avant de vous inscrire, notre \u00e9quipe d&rsquo;admissions est disponible pour discuter de vos objectifs musicaux personnels et de r\u00e9pondre \u00e0 toutes les questions que vous pourriez avoir.<\/span><\/p>\n<h3><span style=\"color: #333333;\">Pr\u00e9paration aux examens ABRSM<\/span><\/h3>\n<p><span style=\"font-size: 16px;\">Le Conservatoire pr\u00e9pare environ 25 % de ses \u00e9l\u00e8ves aux examens optionnels ABRSM. Ces examens ne sont pas obligatoires.<\/span><\/p>\n<p><span style=\"font-size: 16px;\"><span style=\"color: #333333;\">Les examens ABRSM sont con\u00e7us pour motiver les \u00e9l\u00e8ves de tous niveaux et de tous \u00e2ges, leur donnant des objectifs r\u00e9alistes et des r\u00e9compenses tangibles pour leur travail. Depuis 1889, l\u2019ABRSM propose aux professeurs de musique et \u00e0 leurs \u00e9l\u00e8ves des examens et des \u00e9valuations qui accompagnent et mesurent la progression et les comp\u00e9tences de chaque musicien. Pour en savoir plus sur ces examens, veuillez visiter<\/span> <a class=\"editor-rtfLink\" href=\"http:\/\/abrsm.org\/\" target=\"_blank\" rel=\"noopener\">www.abrsm.org<\/a> ou lisez notre <a href=\"https:\/\/americanconservatoryofparis.com\/fr\/examens-abrsm-quest-ce-que-cest\/\">article de blog<\/a>.<\/span>[\/vc_column_text][\/vc_column][vc_column css_animation=\u00a0\u00bbtop-to-bottom\u00a0\u00bb style=\u00a0\u00bbdefault\u00a0\u00bb bg_style=\u00a0\u00bbstretch\u00a0\u00bb width=\u00a0\u00bb1\/2&Prime;]<div class=\"vcex-spacing wpex-w-100 wpex-clear\" style=\"height:10px;\"><\/div>[vc_row_inner][vc_column_inner][vc_single_image image=\u00a0\u00bb9112&Prime;]<div class=\"vcex-spacing wpex-w-100 wpex-clear\"><\/div>[\/vc_column_inner][\/vc_row_inner][vc_text_separator title=\u00a0\u00bbD\u00e9tails\u00a0\u00bb title_align=\u00a0\u00bbseparator_align_left\u00a0\u00bb color=\u00a0\u00bbcustom\u00a0\u00bb font_size=\u00a0\u00bb14px\u00a0\u00bb font_weight=\u00a0\u00bb600&Prime; element_type=\u00a0\u00bbdiv\u00a0\u00bb accent_color=\u00a0\u00bb#8a2194&Prime;]<div class=\"vcex-spacing wpex-w-100 wpex-clear\"><\/div>[vc_column_text css=\u00a0\u00bb\u00a0\u00bb]\n<ul>\n<li><span style=\"font-size: 16px;\">\u00c2ges: de 9 ans \u00e0 adulte<\/span><\/li>\n<li><span style=\"font-size: 16px;\"><span style=\"color: #000000;\"><strong>Niveaux:<\/strong><\/span> <span style=\"color: #333333;\">d\u00e9butant-avanc\u00e9<\/span><\/span><\/li>\n<li><span style=\"color: #000000; font-size: 16px;\"><strong>30 cours par an<\/strong><\/span><\/li>\n<li><span style=\"color: #000000; font-size: 16px;\"><strong>2 concerts par an<\/strong><\/span><\/li>\n<li><span style=\"color: #808080; font-size: 16px;\"><span style=\"color: #000000;\"><strong>L\u2019ann\u00e9e compl\u00e8te d\u2019\u00e9tude commence la troisi\u00e8me semaine de septembre.<\/strong><\/span><\/span><\/li>\n<li><span style=\"font-size: 16px;\"><span style=\"color: #000000;\"><strong>Commencer en cours d\u2019ann\u00e9e :<\/strong><\/span> <span style=\"color: #333333;\">Les cours peuvent commencer \u00e0 n\u2019importe quel moment de l\u2019ann\u00e9e. Tous les frais de scolarit\u00e9 sont calcul\u00e9 au prorata de la date de d\u00e9but des cours.<\/span><\/span><\/li>\n<li><span style=\"font-size: 16px;\"><span style=\"color: #000000;\"><strong>Cours pendant un court s\u00e9jour \u00e0 Paris :<\/strong><\/span> choisissez le formulaire d\u2019inscription \u00ab Music Box \u00bb et achetez un ou plusieurs cours \u00e0 prendre pendant des vacances ou un court s\u00e9jour \u00e0 Paris.<\/span><\/li>\n<\/ul>\n[\/vc_column_text]<div class=\"vcex-spacing wpex-w-100 wpex-clear\"><\/div>[vc_text_separator title=\u00a0\u00bbFrais de scolarit\u00e9 pour 30 semaines de cours\u00a0\u00bb title_align=\u00a0\u00bbseparator_align_left\u00a0\u00bb color=\u00a0\u00bbcustom\u00a0\u00bb font_size=\u00a0\u00bb14px\u00a0\u00bb font_weight=\u00a0\u00bb600&Prime; element_type=\u00a0\u00bbdiv\u00a0\u00bb accent_color=\u00a0\u00bb#8a2194&Prime;]<div class=\"vcex-spacing wpex-w-100 wpex-clear\"><\/div>[vc_column_text css=\u00a0\u00bb\u00a0\u00bb]<span style=\"color: #333333; font-size: 16px;\">Les frais de scolarit\u00e9 sont payables en 1, 3 ou 10 fois sans frais<\/span><\/p>\n<ul>\n<li><span style=\"font-size: 16px;\"><span style=\"color: #333333;\">1 heure &#8211;<\/span> <span style=\"color: #008000;\">3120\u20ac\/an<\/span><\/span><\/li>\n<li><span style=\"font-size: 16px;\"><span style=\"color: #333333;\">45 minutes &#8211;<\/span> <span style=\"color: #008000;\">2490\u20ac\/an<\/span><\/span><\/li>\n<li><span style=\"font-size: 16px;\"><span style=\"color: #333333;\">30 minutes &#8211;<\/span> <span style=\"color: #008000;\">1830\u20ac\/an*<\/span><\/span><\/li>\n<li><span style=\"font-size: 16px;\">Cours en bin\u00f4me de 45 minutes &#8211; <span style=\"color: #008000;\">2400\u20ac\/an\/\u00e9l\u00e8ve**<\/span><\/span><\/li>\n<li><span style=\"font-size: 16px;\"><span style=\"color: #333333;\">Cours en bin\u00f4me de 45 minutes &#8211;<\/span> <span style=\"color: #008000;\">1650\u20ac\/an\/\u00e9l\u00e8ve**<\/span><\/span><\/li>\n<\/ul>\n[\/vc_column_text]<div class=\"vcex-spacing wpex-w-100 wpex-clear\"><\/div><div class=\"theme-button-wrap textcenter wpex-clr\"><a href=\"https:\/\/americanconservatoryofparis.com\/sign-up-now\" class=\"vcex-button theme-button align-center inline\"><span class=\"vcex-button-inner theme-button-inner wpex-flex wpex-flex-wrap wpex-items-center wpex-justify-center\">Formulaire d&rsquo;inscription<\/span><\/a><\/div> <div class=\"vcex-spacing wpex-w-100 wpex-clear\"><\/div>[vc_column_text css=\u00a0\u00bb\u00a0\u00bb]<span style=\"color: #333333;\">*Pour les enfants de moins de 8 ans.<\/span><br \/>\n<span style=\"color: #333333;\">**Les cours en bin\u00f4me s\u2019adressent aux membres d\u2019une m\u00eame famille ou aux amis qui \u00e9tudient le m\u00eame instrument, au m\u00eame endroit et au m\u00eame horaire.<\/span>[\/vc_column_text]<div class=\"vcex-spacing wpex-w-100 wpex-clear\"><\/div>[\/vc_column][\/vc_row][vc_row][vc_column]<div class=\"vcex-spacing wpex-w-100 wpex-clear\"><\/div>[vc_text_separator title=\u00a0\u00bbNos professeurs de trompette\u00a0\u00bb title_align=\u00a0\u00bbseparator_align_left\u00a0\u00bb color=\u00a0\u00bbcustom\u00a0\u00bb font_size=\u00a0\u00bb14px\u00a0\u00bb font_weight=\u00a0\u00bb600&Prime; element_type=\u00a0\u00bbdiv\u00a0\u00bb accent_color=\u00a0\u00bb#8a2194&Prime;]<div class=\"vcex-spacing wpex-w-100 wpex-clear\"><\/div><div class=\"vcex-module vcex-staff-grid-wrap wpex-clr\"><div class=\"wpex-row vcex-staff-grid entries wpex-clr\"><div class=\"staff-entry vcex-grid-item span_1_of_4 col col-1 has-readmore entry post-9302 type-staff has-media cat-173 cat-152 translation_priority-156\"><div class=\"staff-entry-inner entry-inner wpex-first-mt-0 wpex-last-mb-0 wpex-clr\"><div class=\"staff-entry-media entry-media wpex-relative wpex-mb-20\"><a href=\"https:\/\/americanconservatoryofparis.com\/fr\/faculty\/larry\/\" title=\"Larry\" class=\"staff-entry-media-link\"><img class=\"staff-entry-media-img staff-entry-img wpex-align-middle wpex-align-middle lazyload\" decoding=\"async\" data-src=\"https:\/\/americanconservatoryofparis.com\/wp-content\/uploads\/2023\/11\/Trumpet-lessons-paris-300x350.jpg\" alt=\"Professeur de Trompette Paris\" width=\"300\" height=\"350\" src=\"data:image\/svg+xml;base64,PHN2ZyB3aWR0aD0iMSIgaGVpZ2h0PSIxIiB4bWxucz0iaHR0cDovL3d3dy53My5vcmcvMjAwMC9zdmciPjwvc3ZnPg==\" style=\"--smush-placeholder-width: 300px; --smush-placeholder-aspect-ratio: 300\/350;\"><\/a><\/div><div class=\"staff-entry-details entry-details wpex-first-mt-0 wpex-last-mb-0 wpex-clr\"><h4 class=\"staff-entry-title entry-title wpex-mb-5\"><a href=\"https:\/\/americanconservatoryofparis.com\/fr\/faculty\/larry\/\">Larry<\/a><\/h4><div class=\"staff-entry-excerpt entry-excerpt wpex-my-15 wpex-text-pretty wpex-last-mb-0 wpex-clr\"><p>Larry joue de la trompette depuis plus de quarante ans et a eu le privil\u00e8ge d'\u00eatre le premier trompettiste de plusieurs artistes internationalement reconnus.<\/p><\/div><div class=\"staff-entry-readmore-wrap entry-readmore-wrap wpex-my-15 wpex-clr\"><a href=\"https:\/\/americanconservatoryofparis.com\/fr\/faculty\/larry\/\" class=\"theme-button\" aria-label=\"Plus sur ce professeur about Larry\">Plus sur ce professeur<\/a><\/div><\/div><\/div><\/div><\/div><\/div><div class=\"vcex-spacing wpex-w-100 wpex-clear\"><\/div>[vc_text_separator title=\u00a0\u00bbLiens Utiles\u00a0\u00bb title_align=\u00a0\u00bbseparator_align_left\u00a0\u00bb color=\u00a0\u00bbcustom\u00a0\u00bb font_size=\u00a0\u00bb14px\u00a0\u00bb font_weight=\u00a0\u00bb600&Prime; element_type=\u00a0\u00bbdiv\u00a0\u00bb accent_color=\u00a0\u00bb#8a2194&Prime;]<div class=\"vcex-spacing wpex-w-100 wpex-clear\"><\/div>[\/vc_column][\/vc_row][vc_row][vc_column width=\u00a0\u00bb1\/2&Prime;][vc_column_text css=\u00a0\u00bb\u00a0\u00bb]\n<ul>\n<li>\n<h4><span style=\"font-size: 13px;\"><strong>Acheter une trompette \u00e0 Paris<\/strong><\/span><\/h4>\n<p>Paris dispose d\u2019un tr\u00e8s bon magasin sp\u00e9cialis\u00e9 dans les cuivres. Vous y trouverez tout ce dont vous avez besoin, ainsi qu\u2019un atelier de r\u00e9paration. Si vous souhaitez passer \u00e0 un instrument de niveau sup\u00e9rieur, vous pourrez y essayer plusieurs trompettes afin de trouver celle qui vous convient le mieux.  <\/li>\n<\/ul>\n<p style=\"padding-left: 40px;\"><em>Nous recommandons:<\/em><\/p>\n<p style=\"padding-left: 40px;\">l&rsquo;Olifant<br \/>\n<a href=\"https:\/\/www.lolifantparis.com\" target=\"_blank\" rel=\"noopener\">www.lolifantparis.com<\/a><\/p>\n[\/vc_column_text]<div class=\"vcex-spacing wpex-w-100 wpex-clear\"><\/div>[vc_column_text]\n<ul>\n<li>\n<h4><span style=\"font-size: 13px;\"><strong>Librairies musicales \u00e0 Paris<\/strong><\/span><\/h4>\n<\/li>\n<\/ul>\n<p style=\"padding-left: 40px;\"><em>Nous recommandons:<\/em><\/p>\n<p style=\"padding-left: 40px;\">La Fl\u00fbte de Pan (sp\u00e9cialis\u00e9 dans les partitions neuves)<br \/>\n<a class=\"text-blue underline focus-visible\" contenteditable=\"plaintext-only\" href=\"https:\/\/www.laflutedepan.com\/\" target=\"_blank\" rel=\"noreferrer noopener\">https:\/\/www.laflutedepan.com<\/a><\/p>\n<p style=\"padding-left: 40px;\">Arioso (sp\u00e9cialiste des partitions d&rsquo;occasion)<br \/>\n<a class=\"text-blue underline focus-visible\" contenteditable=\"plaintext-only\" href=\"https:\/\/www.arioso.fr\/\" target=\"_blank\" rel=\"noreferrer noopener\">https:\/\/www.arioso.fr<\/a>[\/vc_column_text][\/vc_column][vc_column width=\u00a0\u00bb1\/2&Prime;][vc_column_text]\n<ul>\n<li>\n<h4><span style=\"font-size: 13px;\"><strong>Autre mat\u00e9riel : pupitre<\/strong><\/span><\/h4>\n<\/li>\n<\/ul>\n<p style=\"padding-left: 40px;\">Les \u00e9l\u00e8ves ont besoin d\u2019un pupitre pour leurs cours et pour travailler \u00e0 la maison. Il est pr\u00e9f\u00e9rable d\u2019avoir un pupitre solide chez soi. Le pupitre le plus souvent recommand\u00e9 par les musiciens est :  <\/p>\n<p style=\"padding-left: 40px;\">-Manhasset Orchestral 50 (environ 80 \u20ac)<\/p>\n<p style=\"padding-left: 40px;\">Si vous pr\u00e9f\u00e9rez un pupitre portable, nous recommandons :<\/p>\n<p style=\"padding-left: 40px;\">-K&#038;M 10810 (environ 70 \u20ac)<\/p>\n<p style=\"padding-left: 40px;\">Les \u00e9l\u00e8ves auront tr\u00e8s probablement besoin d\u2019un accordeur. Veuillez consulter votre professeur avant tout achat. <\/p>\n<p style=\"padding-left: 40px;\"><em>Nous recommandons:<\/em><\/p>\n<p style=\"padding-left: 40px;\">Woodbrass Music (Magasins \u00e0 Paris \/ en ligne \/ livraison \u00e0 domicile)<br \/>\n<a href=\"https:\/\/www.woodbrass.com\/\" target=\"_blank\" rel=\"noopener\">https:\/\/www.woodbrass.com\/<\/a>[\/vc_column_text]<div class=\"vcex-spacing wpex-w-100 wpex-clear\"><\/div>[vc_column_text]\n<ul>\n<li>\n<h4><span style=\"font-size: 13px;\"><strong>Magasins de musique en ligne<\/strong><\/span><\/h4>\n<\/li>\n<\/ul>\n<p style=\"padding-left: 40px;\"><em>Nous recommandons:<\/em><\/p>\n<p style=\"padding-left: 40px;\">Sheet Music Direct.<br \/>\n<a class=\"text-blue underline focus-visible\" contenteditable=\"plaintext-only\" href=\"https:\/\/www.sheetmusicdirect.com\/\" target=\"_blank\" rel=\"noreferrer noopener\">https:\/\/www.sheetmusicdirect.com\/<\/a>[\/vc_column_text][\/vc_column][\/vc_row][vc_column][\/vc_column][vc_column][\/vc_column]\n<\/div>","protected":false},"excerpt":{"rendered":"<p>[vc_row css_animation=\u00a0\u00bbtop-to-bottom\u00a0\u00bb bg_style=\u00a0\u00bbstretch\u00a0\u00bb video_bg_overlay=\u00a0\u00bbnone\u00a0\u00bb][vc_column width=\u00a0\u00bb1\/2&Prime;][vc_text_separator title=\u00a0\u00bbCours de trompette \u00e0 Paris &#8211; Informations\u00a0\u00bb title_align=\u00a0\u00bbseparator_align_left\u00a0\u00bb color=\u00a0\u00bbcustom\u00a0\u00bb element_type=\u00a0\u00bbdiv\u00a0\u00bb accent_color=\u00a0\u00bb#8a2194&Prime;][vc_column_text css=\u00a0\u00bb\u00a0\u00bb] Nos cours de trompette \u00e0 Paris sont ouverts aux enfants, aux adolescents et aux adultes, des d\u00e9butants complets aux \u00e9l\u00e8ves avanc\u00e9s. Les cours ont lieu dans le confort de votre domicile, selon un emploi du temps hebdomadaire adapt\u00e9&hellip;<\/p>\n","protected":false},"author":1,"featured_media":9112,"parent":0,"menu_order":0,"comment_status":"closed","ping_status":"closed","template":"","meta":{"footnotes":""},"class_list":["post-9779","page","type-page","status-publish","has-post-thumbnail","hentry","entry","has-media"],"_links":{"self":[{"href":"https:\/\/americanconservatoryofparis.com\/fr\/wp-json\/wp\/v2\/pages\/9779","targetHints":{"allow":["GET"]}}],"collection":[{"href":"https:\/\/americanconservatoryofparis.com\/fr\/wp-json\/wp\/v2\/pages"}],"about":[{"href":"https:\/\/americanconservatoryofparis.com\/fr\/wp-json\/wp\/v2\/types\/page"}],"author":[{"embeddable":true,"href":"https:\/\/americanconservatoryofparis.com\/fr\/wp-json\/wp\/v2\/users\/1"}],"replies":[{"embeddable":true,"href":"https:\/\/americanconservatoryofparis.com\/fr\/wp-json\/wp\/v2\/comments?post=9779"}],"version-history":[{"count":0,"href":"https:\/\/americanconservatoryofparis.com\/fr\/wp-json\/wp\/v2\/pages\/9779\/revisions"}],"wp:featuredmedia":[{"embeddable":true,"href":"https:\/\/americanconservatoryofparis.com\/fr\/wp-json\/wp\/v2\/media\/9112"}],"wp:attachment":[{"href":"https:\/\/americanconservatoryofparis.com\/fr\/wp-json\/wp\/v2\/media?parent=9779"}],"curies":[{"name":"wp","href":"https:\/\/api.w.org\/{rel}","templated":true}]}}