{"id":10953,"date":"2023-08-08T17:03:02","date_gmt":"2023-08-08T15:03:02","guid":{"rendered":"https:\/\/americanconservatoryofparis.com\/?page_id=10953"},"modified":"2024-01-04T11:16:39","modified_gmt":"2024-01-04T10:16:39","slug":"temoignages","status":"publish","type":"page","link":"https:\/\/americanconservatoryofparis.com\/fr\/temoignages\/","title":{"rendered":"T\u00e9moignages"},"content":{"rendered":"<div class=\"wpb-content-wrapper\">[vc_row][vc_column]<div class=\"vcex-module vcex-testimonials-grid-wrap wpex-clr\"><ul class=\"vcex-testimonials-filter vcex-filter-links wpex-flex-wrap wpex-list-none wpex-m-0 wpex-mb-25 wpex-gap-5 wpex-flex\"><li class=\"active\"><a href=\"#\" data-filter=\"*\" class=\"theme-button minimal-border\"><span>Tous<\/span><\/a><\/li><li class=\"filter-cat-179\"><a href=\"#\" data-filter=\".cat-179\" class=\"theme-button minimal-border\">\u00c9l\u00e8ves<\/a><\/li><li class=\"filter-cat-180\"><a href=\"#\" data-filter=\".cat-180\" class=\"theme-button minimal-border\">Parents<\/a><\/li><\/ul><div class=\"wpex-row vcex-testimonials-grid wpex-clr vcex-isotope-grid wpex-overflow-hidden\" data-layout-mode=\"masonry\"><div class=\"testimonial-entry vcex-grid-item span_1_of_3 col-1 col vcex-isotope-entry entry post-10957 type-testimonials has-media cat-179 translation_priority-156\"><div class=\"testimonial-entry-content wpex-relative wpex-boxed wpex-border-0 wpex-clr\"\"><span class=\"testimonial-caret wpex-absolute wpex-block wpex-w-0 wpex-h-0\"><\/span><div class=\"testimonial-entry-details testimonial-entry-text wpex-text-pretty wpex-last-mb-0 wpex-clr\"><p>I can&rsquo;t say enough about my experience with the American Conservatory of Paris. As someone who was new to playing the cello, an adult learner, and on top of that new to the city as well, I was extremely lucky to find a conservatory that was sending a teacher to my doorstep and saving me the struggle of traversing a foreign city with a cello. That being said, the Saturday chamber music group was a wonderful part of my routine during my first year; the sheet music was adapted to my level and it was great for my self-esteem to play publicly, even with less than a year&rsquo;s worth of lessons. ACP is a supportive community and I was really pleased with how things were adapted with COVID-19. Highly recommend!<\/p>\n<\/div><\/div><div class=\"testimonial-entry-bottom wpex-flex wpex-flex-wrap wpex-mt-20\">\n<div class=\"testimonial-entry-thumb default-dims wpex-flex-shrink-0 wpex-mr-20\"><img width=\"176\" height=\"168\" src=\"https:\/\/americanconservatoryofparis.com\/wp-content\/uploads\/2021\/08\/ABDELSATTER-Dhoha.png\" class=\"testimonials-entry-img wpex-align-middle wpex-rounded-full wpex-border wpex-p-2 wpex-border-solid wpex-border-main skip-lazy\" alt=\"\" data-no-lazy=\"1\" \/><\/div><div class=\"testimonial-entry-meta wpex-flex-grow\">\n<div class=\"testimonial-entry-author entry-title\">Dhoha<\/div>\n\n<div class=\"testimonial-entry-company wpex-text-3\">\n\n\t\n\t\tVioloncelle\n\t\n<\/div><\/div><\/div><\/div><div class=\"testimonial-entry vcex-grid-item span_1_of_3 col-2 col vcex-isotope-entry entry post-10960 type-testimonials has-media cat-180 translation_priority-156\"><div class=\"testimonial-entry-content wpex-relative wpex-boxed wpex-border-0 wpex-clr\"\"><span class=\"testimonial-caret wpex-absolute wpex-block wpex-w-0 wpex-h-0\"><\/span><div class=\"testimonial-entry-details testimonial-entry-text wpex-text-pretty wpex-last-mb-0 wpex-clr\"><p>The American Conservatory of Paris (ACP) is a great place to learn music and teachers are very friendly and professional. Our daughter is learning Clarinet from Erika. Erika is a wonderful teacher, who motivates, challenges, and is always friendly with students. Erika&rsquo;s innovative ways of teaching have helped my daughter to learn, enjoy, and attend good levels of Clarinet instruments, and she has done very well in ABRSM Exams. I would highly recommend ACP to parents who wish to enroll their kids for music classes.<\/p>\n<\/div><\/div><div class=\"testimonial-entry-bottom wpex-flex wpex-flex-wrap wpex-mt-20\">\n<div class=\"testimonial-entry-thumb default-dims wpex-flex-shrink-0 wpex-mr-20\"><img width=\"4032\" height=\"3024\" src=\"https:\/\/americanconservatoryofparis.com\/wp-content\/uploads\/2021\/01\/Kiran.jpg\" class=\"testimonials-entry-img wpex-align-middle wpex-rounded-full wpex-border wpex-p-2 wpex-border-solid wpex-border-main skip-lazy\" alt=\"\" data-no-lazy=\"1\" \/><\/div><div class=\"testimonial-entry-meta wpex-flex-grow\">\n<div class=\"testimonial-entry-author entry-title\">Kiran - Maman d'une clarinettiste<\/div>\n\n<div class=\"testimonial-entry-company wpex-text-3\">\n\n\t\n\t\tClarinette\n\t\n<\/div><\/div><\/div><\/div><div class=\"testimonial-entry vcex-grid-item span_1_of_3 col-3 col vcex-isotope-entry entry post-10961 type-testimonials has-media cat-179 translation_priority-156\"><div class=\"testimonial-entry-content wpex-relative wpex-boxed wpex-border-0 wpex-clr\"\"><span class=\"testimonial-caret wpex-absolute wpex-block wpex-w-0 wpex-h-0\"><\/span><div class=\"testimonial-entry-details testimonial-entry-text wpex-text-pretty wpex-last-mb-0 wpex-clr\"><p>Of all the lucky breaks I got when I moved to Paris, among the luckiest was finding the American Conservatory of Paris.<\/p>\n<div>I moved here as a relatively new adult flute player, and speaking very little French; I struggled with two non-English speaking flute teachers during my first 18 months here. Then I happened to stumble across the ACP booth at an ex-pat fair, and everything fell into place.<\/div>\n<div><\/div>\n<div>Erika &#8212; ACP&rsquo;s owner as well as my flute teacher &#8212; was incredibly responsive and flexible in scheduling lessons and tuning them to my adult-student needs. I felt a tremendous sense of relief after the first lesson or two when I realized that was really going to work out well.<\/div>\n<div><\/div>\n<div>And so it has. My playing has improved tremendously, and I have a clear sense that I will be able to reach my flute playing goals. That, in and of itself, would have been something to be proud of. But to put this in proper perspective, a huge portion of my time with ACP has taken place during the COVID confinements, and Erika has shown herself to be completely adaptable to using Zoom and other Internet technologies to keep the lessons going strong.<\/div>\n<div><\/div>\n<div>I would recommend ACP to anyone considering music lessons. This has really been a first-rate experience so far, and I fully expect it to continue being so in the future.<\/div>\n<div class=\"yj6qo\"><\/div>\n<div class=\"adL\"><\/div>\n<\/div><\/div><div class=\"testimonial-entry-bottom wpex-flex wpex-flex-wrap wpex-mt-20\">\n<div class=\"testimonial-entry-thumb default-dims wpex-flex-shrink-0 wpex-mr-20\"><img width=\"3024\" height=\"4032\" src=\"https:\/\/americanconservatoryofparis.com\/wp-content\/uploads\/2021\/01\/ACP-Testimonial-Rick-e1610372303783.jpg\" class=\"testimonials-entry-img wpex-align-middle wpex-rounded-full wpex-border wpex-p-2 wpex-border-solid wpex-border-main skip-lazy\" alt=\"\" data-no-lazy=\"1\" \/><\/div><div class=\"testimonial-entry-meta wpex-flex-grow\">\n<div class=\"testimonial-entry-author entry-title\">Rick<\/div>\n\n<div class=\"testimonial-entry-company wpex-text-3\">\n\n\t\n\t\tFl\u00fbte\n\t\n<\/div><\/div><\/div><\/div><div class=\"testimonial-entry vcex-grid-item span_1_of_3 col-1 col vcex-isotope-entry entry post-10962 type-testimonials has-media cat-179 translation_priority-156\"><div class=\"testimonial-entry-content wpex-relative wpex-boxed wpex-border-0 wpex-clr\"\"><span class=\"testimonial-caret wpex-absolute wpex-block wpex-w-0 wpex-h-0\"><\/span><div class=\"testimonial-entry-details testimonial-entry-text wpex-text-pretty wpex-last-mb-0 wpex-clr\"><p>The American Conservatory of Paris is an absolute treasure for passionate music learners in Paris &#8211; adults and children alike. I am a busy professional and started learning the flute in my late 20s. I spent a couple of years self-learning and with various teachers during the summer holidays. My progress was slow. It wasn\u2019t until I finally discovered ACP in 2015 did my music journey really take off. I was lucky to be taken on by Erika as a student. Together, we set ABRSM grade exam goals and weekend regular lessons at home. With the accompaniment of Erika, we are working towards ABRSM Grade 6 in 2021 which feels like a beautiful dream come true. ACP\u2019s agility ensures that learning logistics are seamless whether face-to-face at home, on-site, or online, and ensures consistent progress. Thanks to improved techniques, the joy of expressing emotions through music is a fulfilling and indescribable joy. Erika is a talented teacher who has the perfect balance between empathetic motivation and strong technical discipline. She also has a wonderful personality, incredible drive, and has become a dear friend for me over the years. I am grateful for this wonderful community and cannot recommend The American Conservatory of Paris enough.<\/p>\n<\/div><\/div><div class=\"testimonial-entry-bottom wpex-flex wpex-flex-wrap wpex-mt-20\">\n<div class=\"testimonial-entry-thumb default-dims wpex-flex-shrink-0 wpex-mr-20\"><img width=\"3500\" height=\"3500\" src=\"https:\/\/americanconservatoryofparis.com\/wp-content\/uploads\/2020\/12\/Shirley-LIU.jpg\" class=\"testimonials-entry-img wpex-align-middle wpex-rounded-full wpex-border wpex-p-2 wpex-border-solid wpex-border-main skip-lazy\" alt=\"\" data-no-lazy=\"1\" srcset=\"https:\/\/americanconservatoryofparis.com\/wp-content\/uploads\/2020\/12\/Shirley-LIU.jpg 3500w, https:\/\/americanconservatoryofparis.com\/wp-content\/uploads\/2020\/12\/Shirley-LIU-45x45.jpg 45w\" sizes=\"(max-width: 3500px) 100vw, 3500px\" \/><\/div><div class=\"testimonial-entry-meta wpex-flex-grow\">\n<div class=\"testimonial-entry-author entry-title\">Shirley - Global Vice President L\u2019OR\u00c9AL, TEDx Speaker<\/div>\n\n<div class=\"testimonial-entry-company wpex-text-3\">\n\n\t\n\t\tFl\u00fbte\n\t\n<\/div><\/div><\/div><\/div><div class=\"testimonial-entry vcex-grid-item span_1_of_3 col-2 col vcex-isotope-entry entry post-10964 type-testimonials has-media cat-180 translation_priority-156\"><div class=\"testimonial-entry-content wpex-relative wpex-boxed wpex-border-0 wpex-clr\"\"><span class=\"testimonial-caret wpex-absolute wpex-block wpex-w-0 wpex-h-0\"><\/span><div class=\"testimonial-entry-details testimonial-entry-text wpex-text-pretty wpex-last-mb-0 wpex-clr\"><p>Ma fille de bient\u00f4t 9 ans a d\u00e9marr\u00e9 cette ann\u00e9e sa 5e ann\u00e9e au conservatoire. Elle b\u00e9n\u00e9ficie de cours particuliers \u00e0 domicile tous les mercredis pendant une heure. La progression se fait tout naturellement, elle prend beaucoup de plaisir \u00e0 travailler une vingtaine de minutes par jour. Elle va cette ann\u00e9e tenter le Grade 4 du concours ABRSM. Deux fois par an le conservatoire organise des concerts. Moments de convivialit\u00e9 durant lesquels nous pouvons \u00e9changer entre parents. Cela permet de se rendre compte \u00e9galement de l&rsquo;\u00e9volution des autres enfants au piano mais aussi \u00e0 la guitare, \u00e0 la fl\u00fbte ou au saxo par exemple. Le c\u00f4t\u00e9 administratif est tr\u00e8s bien g\u00e9r\u00e9, les devoirs sont clairs, la progression de l&rsquo;enfant ind\u00e9niable, les examens valid\u00e9s en fin d&rsquo;ann\u00e9e. Rien \u00e0 redire.<\/p>\n<\/div><\/div><div class=\"testimonial-entry-bottom wpex-flex wpex-flex-wrap wpex-mt-20\">\n<div class=\"testimonial-entry-thumb default-dims wpex-flex-shrink-0 wpex-mr-20\"><img width=\"1082\" height=\"1596\" src=\"https:\/\/americanconservatoryofparis.com\/wp-content\/uploads\/2019\/09\/Patrick.jpeg\" class=\"testimonials-entry-img wpex-align-middle wpex-rounded-full wpex-border wpex-p-2 wpex-border-solid wpex-border-main skip-lazy\" alt=\"\" data-no-lazy=\"1\" \/><\/div><div class=\"testimonial-entry-meta wpex-flex-grow\">\n<div class=\"testimonial-entry-author entry-title\">Patrick - Courtier en assurances<\/div>\n\n<div class=\"testimonial-entry-company wpex-text-3\">\n\n\t\n\t\tPiano &amp; Solf\u00e8ge\n\t\n<\/div><\/div><\/div><\/div><div class=\"testimonial-entry vcex-grid-item span_1_of_3 col-3 col vcex-isotope-entry entry post-10965 type-testimonials has-media cat-180 translation_priority-156\"><div class=\"testimonial-entry-content wpex-relative wpex-boxed wpex-border-0 wpex-clr\"\"><span class=\"testimonial-caret wpex-absolute wpex-block wpex-w-0 wpex-h-0\"><\/span><div class=\"testimonial-entry-details testimonial-entry-text wpex-text-pretty wpex-last-mb-0 wpex-clr\"><p>The ACP has been a great inspiration for my children. The teachers are incredibly hard-working and motivated and that\u2019s reflected in the children\u2019s attitude. They enjoy their lessons as there is the right mix between fun and hard work. As a result, they have both progressed steadily in the ABRSM program which is incredibly rewarding to them while at the same time exploring their own music choices. Taking part in the annual concerts as soloists or as part of one of the bands have also been a great experience for them and the whole family. Thank you!<\/p>\n<\/div><\/div><div class=\"testimonial-entry-bottom wpex-flex wpex-flex-wrap wpex-mt-20\">\n<div class=\"testimonial-entry-thumb default-dims wpex-flex-shrink-0 wpex-mr-20\"><img width=\"2388\" height=\"1791\" src=\"https:\/\/americanconservatoryofparis.com\/wp-content\/uploads\/2019\/09\/Sigrid.jpeg\" class=\"testimonials-entry-img wpex-align-middle wpex-rounded-full wpex-border wpex-p-2 wpex-border-solid wpex-border-main skip-lazy\" alt=\"\" data-no-lazy=\"1\" \/><\/div><div class=\"testimonial-entry-meta wpex-flex-grow\">\n<div class=\"testimonial-entry-author entry-title\">Sigrid - Maman<\/div>\n\n<div class=\"testimonial-entry-company wpex-text-3\">\n\n\t\n\t\tPiano , Solf\u00e8ge &amp; Musique de Chambre\n\t\n<\/div><\/div><\/div><\/div><div class=\"testimonial-entry vcex-grid-item span_1_of_3 col-1 col vcex-isotope-entry entry post-10966 type-testimonials has-media cat-180 translation_priority-156\"><div class=\"testimonial-entry-content wpex-relative wpex-boxed wpex-border-0 wpex-clr\"\"><span class=\"testimonial-caret wpex-absolute wpex-block wpex-w-0 wpex-h-0\"><\/span><div class=\"testimonial-entry-details testimonial-entry-text wpex-text-pretty wpex-last-mb-0 wpex-clr\"><p>The American Conservatory is a gem, we have the most wonderful piano teacher for our daughter. His way of teaching is so different from the French way (I am French and remember very well my piano lessons&#8230;). He is encouraging, fun, so happy to teach, our daughter loves him very much. I know from other parents that all the teachers are absolutely wonderful (guitar, violin etc.) I have never heard a single complaint from parents, which is quite unique. Our daughter has also started Drama Club with the American Conservatory and loves it very much! We highly recommend the American Conservatory.<\/p>\n<\/div><\/div><div class=\"testimonial-entry-bottom wpex-flex wpex-flex-wrap wpex-mt-20\">\n<div class=\"testimonial-entry-thumb default-dims wpex-flex-shrink-0 wpex-mr-20\"><img width=\"1024\" height=\"1024\" src=\"https:\/\/americanconservatoryofparis.com\/wp-content\/uploads\/2019\/09\/CT.jpeg\" class=\"testimonials-entry-img wpex-align-middle wpex-rounded-full wpex-border wpex-p-2 wpex-border-solid wpex-border-main skip-lazy\" alt=\"\" data-no-lazy=\"1\" srcset=\"https:\/\/americanconservatoryofparis.com\/wp-content\/uploads\/2019\/09\/CT.jpeg 1024w, https:\/\/americanconservatoryofparis.com\/wp-content\/uploads\/2019\/09\/CT-45x45.jpeg 45w\" sizes=\"(max-width: 1024px) 100vw, 1024px\" \/><\/div><div class=\"testimonial-entry-meta wpex-flex-grow\">\n<div class=\"testimonial-entry-author entry-title\">CT - Maman<\/div>\n\n<div class=\"testimonial-entry-company wpex-text-3\">\n\n\t\n\t\tPiano &amp; Com\u00e9die Musicale\n\t\n<\/div><\/div><\/div><\/div><div class=\"testimonial-entry vcex-grid-item span_1_of_3 col-2 col vcex-isotope-entry entry post-10967 type-testimonials has-media cat-180 translation_priority-156\"><div class=\"testimonial-entry-content wpex-relative wpex-boxed wpex-border-0 wpex-clr\"\"><span class=\"testimonial-caret wpex-absolute wpex-block wpex-w-0 wpex-h-0\"><\/span><div class=\"testimonial-entry-details testimonial-entry-text wpex-text-pretty wpex-last-mb-0 wpex-clr\"><p>The American Conservatory is a wonderful resource for Anglophone families looking for top quality extra-curricular music tuition in Paris. We love Ricardo and Erika and their personal qualities have helped Flora develop as a person as well as musically. I cannot recommend The American Conservatory highly enough.<\/p>\n<\/div><\/div><div class=\"testimonial-entry-bottom wpex-flex wpex-flex-wrap wpex-mt-20\">\n<div class=\"testimonial-entry-thumb default-dims wpex-flex-shrink-0 wpex-mr-20\"><img width=\"1536\" height=\"2048\" src=\"https:\/\/americanconservatoryofparis.com\/wp-content\/uploads\/2019\/09\/Anna.jpeg\" class=\"testimonials-entry-img wpex-align-middle wpex-rounded-full wpex-border wpex-p-2 wpex-border-solid wpex-border-main skip-lazy\" alt=\"\" data-no-lazy=\"1\" \/><\/div><div class=\"testimonial-entry-meta wpex-flex-grow\">\n<div class=\"testimonial-entry-author entry-title\">Anna - Maman de Flora<\/div>\n\n<div class=\"testimonial-entry-company wpex-text-3\">\n\n\t\n\t\tPiano &amp; Solf\u00e8ge\n\t\n<\/div><\/div><\/div><\/div><div class=\"testimonial-entry vcex-grid-item span_1_of_3 col-3 col vcex-isotope-entry entry post-10968 type-testimonials has-media cat-180 translation_priority-156\"><div class=\"testimonial-entry-content wpex-relative wpex-boxed wpex-border-0 wpex-clr\"\"><span class=\"testimonial-caret wpex-absolute wpex-block wpex-w-0 wpex-h-0\"><\/span><div class=\"testimonial-entry-details testimonial-entry-text wpex-text-pretty wpex-last-mb-0 wpex-clr\"><p>I cannot recommend the American Conservatory of Paris highly enough. Erika is an amazing teacher who inspires students with her love of music and sense of humor. Three years ago, my daughter wanted to learn flute with ACP and at the beginning could barely make a sound with just the mouthpiece. Now she is working toward the ABRSM Exam Grade 4, thanks to Erika&rsquo;s teaching and motivation!<\/p>\n<\/div><\/div><div class=\"testimonial-entry-bottom wpex-flex wpex-flex-wrap wpex-mt-20\">\n<div class=\"testimonial-entry-thumb default-dims wpex-flex-shrink-0 wpex-mr-20\"><img width=\"1204\" height=\"1498\" src=\"https:\/\/americanconservatoryofparis.com\/wp-content\/uploads\/2019\/08\/Em-e1569491542390.png\" class=\"testimonials-entry-img wpex-align-middle wpex-rounded-full wpex-border wpex-p-2 wpex-border-solid wpex-border-main skip-lazy\" alt=\"\" data-no-lazy=\"1\" \/><\/div><div class=\"testimonial-entry-meta wpex-flex-grow\">\n<div class=\"testimonial-entry-author entry-title\">Emily - Architecte<\/div>\n\n<div class=\"testimonial-entry-company wpex-text-3\">\n\n\t\n\t\tM\u00e8re d'une fl\u00fbtiste et d'une clarinettiste\n\t\n<\/div><\/div><\/div><\/div><\/div><\/div>[\/vc_column][\/vc_row]\n<\/div>","protected":false},"excerpt":{"rendered":"<p>[vc_row][vc_column][\/vc_column][\/vc_row]<\/p>\n","protected":false},"author":1,"featured_media":0,"parent":0,"menu_order":0,"comment_status":"closed","ping_status":"closed","template":"","meta":{"footnotes":""},"class_list":["post-10953","page","type-page","status-publish","hentry","entry","has-media"],"_links":{"self":[{"href":"https:\/\/americanconservatoryofparis.com\/fr\/wp-json\/wp\/v2\/pages\/10953","targetHints":{"allow":["GET"]}}],"collection":[{"href":"https:\/\/americanconservatoryofparis.com\/fr\/wp-json\/wp\/v2\/pages"}],"about":[{"href":"https:\/\/americanconservatoryofparis.com\/fr\/wp-json\/wp\/v2\/types\/page"}],"author":[{"embeddable":true,"href":"https:\/\/americanconservatoryofparis.com\/fr\/wp-json\/wp\/v2\/users\/1"}],"replies":[{"embeddable":true,"href":"https:\/\/americanconservatoryofparis.com\/fr\/wp-json\/wp\/v2\/comments?post=10953"}],"version-history":[{"count":0,"href":"https:\/\/americanconservatoryofparis.com\/fr\/wp-json\/wp\/v2\/pages\/10953\/revisions"}],"wp:attachment":[{"href":"https:\/\/americanconservatoryofparis.com\/fr\/wp-json\/wp\/v2\/media?parent=10953"}],"curies":[{"name":"wp","href":"https:\/\/api.w.org\/{rel}","templated":true}]}}