{"id":10933,"date":"2017-08-30T16:50:46","date_gmt":"2017-08-30T14:50:46","guid":{"rendered":"https:\/\/americanconservatoryofparis.com\/?page_id=10933"},"modified":"2024-01-04T10:25:49","modified_gmt":"2024-01-04T09:25:49","slug":"offres-emploi","status":"publish","type":"page","link":"https:\/\/americanconservatoryofparis.com\/fr\/offres-emploi\/","title":{"rendered":"Offres d&#8217;emploi"},"content":{"rendered":"<div class=\"wpb-content-wrapper\">[vc_row][vc_column]<style>.vcex-teaser.vcex_69d69a34c4f1d .vcex-teaser-heading{color:#000000;}<\/style><div class=\"vcex-module vcex-teaser wpex-flex wpex-flex-col vcex_69d69a34c4f1d\"><div class=\"vcex-teaser-content\"><h2 class=\"vcex-teaser-heading wpex-heading wpex-text-lg\">Postes \u00e0 pouvoir<\/h2><div class=\"vcex-teaser-text wpex-mt-10 wpex-last-mb-0 wpex-clr\"><div>\n<hr>\n<p><span style=\"color: #333333;font-size: 16px\">Rejoignez-nous pour offrir une \u00e9ducation musicale de classe mondiale \u00e0 plus de 150 \u00e9l\u00e8ves issus de 30 pays diff\u00e9rents !<\/span><\/p>\n<p><span style=\"color: #333333;font-size: 16px\">Offres actuelles \u00e0 temps partiel :<\/span><\/p>\n<\/div>\n<ul>\n<li><span style=\"color: #333333;font-size: 16px\">Chant<\/span><\/li>\n<li><span style=\"color: #333333;font-size: 16px\">Th\u00e9\u00e2tre<\/span><\/li>\n<li><span style=\"color: #333333;font-size: 16px\">Danse<\/span><\/li>\n<li><span style=\"color: #333333;font-size: 16px\">Piano<\/span><\/li>\n<li><span style=\"color: #333333;font-size: 16px\">Guitare<\/span><\/li>\n<li><span style=\"color: #333333;font-size: 16px\">Batterie<\/span><\/li>\n<li><span style=\"color: #333333;font-size: 16px\">Fl\u00fbte<\/span><\/li>\n<li><span style=\"color: #333333;font-size: 16px\">Clarinette<\/span><\/li>\n<li><span style=\"color: #333333;font-size: 16px\">Saxophone<\/span><\/li>\n<\/ul>\n<div><\/div>\n<div><span style=\"color: #333333;font-size: 16px\">Tous les candidats doivent :<\/span><\/div>\n<ul>\n<li><span style=\"color: #333333;font-size: 16px\">D\u00e9tenir un dipl\u00f4me en musique de niveau universitaire.<\/span><\/li>\n<li><span style=\"color: #333333;font-size: 16px\">\u00catre de langue maternelle anglaise.<\/span><\/li>\n<li><span style=\"color: #333333;font-size: 16px\">\u00catre autoris\u00e9 \u00e0 travailler en France (pas de visas \u00e9tudiants ou sponsor de visas).<\/span><\/li>\n<li><span style=\"color: #333333;font-size: 16px\">Avoir de l&rsquo;exp\u00e9rience dans l&rsquo;enseignement.<\/span><\/li>\n<li><span style=\"color: #333333;font-size: 16px\">\u00catre disponible pour enseigner de mani\u00e8re r\u00e9guli\u00e8re pendant les 30 semaines de l&rsquo;ann\u00e9e scolaire.<\/span><\/li>\n<\/ul>\n<p><span style=\"color: #333333;font-size: 16px\">Si vous remplissez tous ces crit\u00e8res, veuillez envoyer un CV \u00e0 jour ainsi que vos horaires d&rsquo;enseignement disponibles \u00e0 l&rsquo;adresse suivante :<a style=\"color: #333333\" href=\"mailto:administration@americanconservatoryofparis.com\" rel=\"noopener\">administration@americanconservatoryofparis.com<\/a>.<\/span><\/p>\n<p><span style=\"color: #333333;font-size: 16px\">Si vous ne trouvez pas de poste vacant qui vous int\u00e9resse, n&rsquo;h\u00e9sitez pas \u00e0 nous envoyer votre CV. Nous vous contacterons si une opportunit\u00e9 se pr\u00e9sente.<\/span><\/p>\n<div><span style=\"color: #333333;font-size: 16px\">Nous sommes impatients de vous rencontrer.<\/span><\/div>\n<\/div><\/div><\/div>[\/vc_column][\/vc_row]\n<\/div>","protected":false},"excerpt":{"rendered":"<p>[vc_row][vc_column][\/vc_column][\/vc_row]<\/p>\n","protected":false},"author":1,"featured_media":0,"parent":0,"menu_order":0,"comment_status":"closed","ping_status":"closed","template":"","meta":{"footnotes":""},"class_list":["post-10933","page","type-page","status-publish","hentry","entry","no-media"],"_links":{"self":[{"href":"https:\/\/americanconservatoryofparis.com\/fr\/wp-json\/wp\/v2\/pages\/10933","targetHints":{"allow":["GET"]}}],"collection":[{"href":"https:\/\/americanconservatoryofparis.com\/fr\/wp-json\/wp\/v2\/pages"}],"about":[{"href":"https:\/\/americanconservatoryofparis.com\/fr\/wp-json\/wp\/v2\/types\/page"}],"author":[{"embeddable":true,"href":"https:\/\/americanconservatoryofparis.com\/fr\/wp-json\/wp\/v2\/users\/1"}],"replies":[{"embeddable":true,"href":"https:\/\/americanconservatoryofparis.com\/fr\/wp-json\/wp\/v2\/comments?post=10933"}],"version-history":[{"count":0,"href":"https:\/\/americanconservatoryofparis.com\/fr\/wp-json\/wp\/v2\/pages\/10933\/revisions"}],"wp:attachment":[{"href":"https:\/\/americanconservatoryofparis.com\/fr\/wp-json\/wp\/v2\/media?parent=10933"}],"curies":[{"name":"wp","href":"https:\/\/api.w.org\/{rel}","templated":true}]}}