{"id":10881,"date":"2013-12-05T16:56:32","date_gmt":"2013-12-05T15:56:32","guid":{"rendered":"https:\/\/americanconservatoryofparis.com\/?page_id=10881"},"modified":"2025-07-23T17:34:11","modified_gmt":"2025-07-23T15:34:11","slug":"formulaire-d-inscription","status":"publish","type":"page","link":"https:\/\/americanconservatoryofparis.com\/fr\/formulaire-d-inscription\/","title":{"rendered":"Formulaire d&rsquo;inscription"},"content":{"rendered":"<div class=\"wpb-content-wrapper\">[vc_row bg_style=\u00a0\u00bbstretch\u00a0\u00bb video_bg_overlay=\u00a0\u00bbnone\u00a0\u00bb margin_left=\u00a0\u00bb10px\u00a0\u00bb margin_right=\u00a0\u00bb10px\u00a0\u00bb][vc_column bg_style=\u00a0\u00bbstretch\u00a0\u00bb width=\u00a0\u00bb1\/3&Prime; el_class=\u00a0\u00bbbordered-column\u00a0\u00bb][vc_single_image image=\u00a0\u00bb9053&Prime; alignment=\u00a0\u00bbleft\u00a0\u00bb]<div class=\"vcex-spacing wpex-w-100 wpex-clear\" style=\"height:15px;\"><\/div>[\/vc_column][vc_column width=\u00a0\u00bb2\/3&Prime; css=\u00a0\u00bb.vc_custom_1534832422001{padding-right: 30px !important;}\u00a0\u00bb]<div class=\"vcex-module vcex-teaser vcex-teaser-three wpex-flex wpex-flex-col wpex-text-left wpex-surface-2\"><div class=\"vcex-teaser-content wpex-p-20\"><div class=\"vcex-teaser-text wpex-mt-10 wpex-last-mb-0 wpex-clr\"><div class=\"p1\" style=\"text-align: left;padding-left: 40px\"><span style=\"color: #333333;font-size: 16px\">Merci de l&rsquo;int\u00e9r\u00eat que vous portez au Conservatoire Am\u00e9ricain de Paris. Nos cours de musique se caract\u00e9risent par un haut niveau de qualit\u00e9, et cela commence d\u00e8s le processus d&rsquo;inscription. N&rsquo;h\u00e9sitez pas \u00e0 nous contacter si vous avez n&rsquo;importe quelle questions.<\/span><\/div>\n<div><\/div>\n<div class=\"p1\" style=\"text-align: left;padding-left: 40px\"><span style=\"color: #333333;font-size: 16px\">Nous sommes impatients de partager une nouvelle exp\u00e9rience musicale avec vous.<\/span><\/div>\n<div><\/div>\n<div class=\"p1\" style=\"text-align: left;padding-left: 40px\"><span style=\"font-size: 16px;color: #333333\">~ Erika Bliznik, Directrice<\/span><\/div>\n<\/div><\/div><\/div>[vc_tta_tour active_section=\u00a0\u00bb1&Prime; title=\u00a0\u00bbFormulaires d inscription\u00a0\u00bb el_id=\u00a0\u00bbbordered-column\u00a0\u00bb][vc_tta_section title=\u00a0\u00bbCours particuliers\u00a0\u00bb tab_id=\u00a0\u00bb1534764717903-e0088cd9-15c8&Prime;][vc_column_text css=\u00a0\u00bb\u00a0\u00bb]\n<h3 class=\"p2\"><span style=\"font-size: 14px;\"><span style=\"color: #333333;\">INCRIVEZ VOU POUR:<\/span><a href=\"https:\/\/americanconservatoryofparis.com\/class\/private-music-lessons-in-paris-at-home\/\"> Des cours \u00e0 domicile<\/a> <span style=\"color: #333333;\">\/ <a href=\"https:\/\/americanconservatoryofparis.com\/fr\/lessons\/cours-de-musique-en-ligne\/music-lessons-online-2\/\">Des cours en ligne<\/a> \/ <a href=\"https:\/\/americanconservatoryofparis.com\/class\/isp\/\">Des cours de solf\u00e8ge en ligne<\/a> \/ <a href=\"https:\/\/americanconservatoryofparis.com\/class\/isp\/\">Des cours \u00e0 ISP<\/a><\/span><\/span><span style=\"font-size: 14px;\"><span style=\"color: #333333;\">\/ <a href=\"https:\/\/americanconservatoryofparis.com\/lessons\/marymount\/\">Des cours \u00e0 Marymount<\/a><\/span><\/span><\/h3>\n<p class=\"p2\"><span style=\"color: #333333; font-size: 14px;\">\u00c2GES &#8211; Enfants (\u00e0 partir de 4 ans selon les instruments) &amp; Adultes<\/span><\/p>\n<p class=\"p2\"><span style=\"color: #333333; font-size: 14px;\">O\u00d9 \u2013 \u00c0 domicile \u00e0 Paris <b> \/<\/b> En ligne\/ \u00c0 ISP (seulement pour les \u00e9l\u00e8ve d\u2019ISP) \/ \u00c0 Marymount (seulement pour les \u00e9l\u00e8ves de Marymount) \/ Studios de musique \u00e0 Paris<\/span><\/p>\n<p class=\"p1\"><span style=\"color: #333333; font-size: 14px;\">Inscrivez-vous:<\/span><\/p>\n<p class=\"p1\"><span style=\"color: #333333; font-size: 14px;\"><strong>1. T\u00e9l\u00e9chargez et remplissez le formulaire d&rsquo;inscription.<\/strong><\/span><\/p>\n<p class=\"p1\"><span style=\"color: #333333; font-size: 14px;\"><strong>2. Envoyez-nous le formulaire d&rsquo;inscription par e-mail.<\/strong><\/span><\/p>\n<p class=\"p1\"><span style=\"color: #333333; font-size: 14px;\"><strong>3. Nous vous contacterons pour planifier le jour et l&rsquo;heure de votre premier cours.<\/strong><\/span><\/p>\n[\/vc_column_text][vc_empty_space height=\u00a0\u00bb30px\u00a0\u00bb]<div class=\"theme-button-wrap textcenter wpex-clr\"><a href=\"https:\/\/americanconservatoryofparis.com\/wp-content\/uploads\/2025\/07\/Sign-Up-Form-2025-2026.pdf\" class=\"vcex-button theme-button outline rosy small align-center inline\" title=\"Formulaire d&#039;inscription aux cours priv\u00e9s\" target=\"_blank\" rel=\"noopener noreferrer\"><span class=\"vcex-button-inner theme-button-inner wpex-flex wpex-flex-wrap wpex-items-center wpex-justify-center\">Formulaire d&rsquo;inscription<\/span><\/a><\/div> [\/vc_tta_section][vc_tta_section title=\u00a0\u00bbMusic Box\u00a0\u00bb tab_id=\u00a0\u00bb1534766775276-fa642a70-1186&Prime;][vc_column_text]\n<h3><span style=\"color: #333333; font-size: 14px;\">INSCRIVEZ-VOUS POUR: Des cours pendant les vacances \u00e0 Paris, quelques cours seulement, ou un certificat-cadeau pour des cours de musique.<\/span><\/h3>\n<p><span style=\"color: #333333; font-size: 14px;\">Tous \u00e2ges enfants-adultes<\/span><\/p>\n<p class=\"p1\" style=\"color: #222222;\"><span style=\"font-size: 14px; color: #333333;\">Pour s&rsquo;incrire \u00e0 des cours \u00ab\u00a0Music Box\u00a0\u00bb:<\/span><\/p>\n<p class=\"p1\" style=\"color: #222222;\"><span style=\"color: #333333; font-size: 14px;\"><strong>1. T\u00e9l\u00e9chargez et remplissez le formulaire d&rsquo;inscription.<\/strong><\/span><\/p>\n<p class=\"p1\" style=\"color: #222222;\"><span style=\"color: #333333; font-size: 14px;\"><strong>2. Renvoyez-nous le formulaire d&rsquo;inscription par e-mail.<\/strong><\/span><\/p>\n<p><span style=\"color: #333333; font-size: 14px;\"><strong>3. Nous confirmerons directement avec vous les options de cours.<\/strong><\/span>[\/vc_column_text][vc_empty_space height=\u00a0\u00bb30px\u00a0\u00bb]<div class=\"theme-button-wrap textcenter wpex-clr\"><a href=\"https:\/\/americanconservatoryofparis.com\/wp-content\/uploads\/2025\/07\/Music-Box-Sign-Up-Form-2025-2026.pdf\" class=\"vcex-button theme-button outline rosy small align-center inline\" title=\"Formulaire d&#039;inscription\" target=\"_blank\" rel=\"noopener noreferrer\"><span class=\"vcex-button-inner theme-button-inner wpex-flex wpex-flex-wrap wpex-items-center wpex-justify-center\">Music Box Formulaire d&rsquo;inscription<\/span><\/a><\/div> [\/vc_tta_section][vc_tta_section title=\u00a0\u00bbFrais de scolarit\u00e9\u00a0\u00bb tab_id=\u00a0\u00bb1611952382851-701ca20a-69d4&Prime;][vc_column_text css=\u00a0\u00bb\u00a0\u00bb]\n<p class=\"p2\"><span style=\"color: #333333; font-size: 14px;\"><strong>2024-2025 <span class=\"s2\">Frais de scolarit\u00e9 \/ Options de paiement<\/span><\/strong><\/span><\/p>\n<p class=\"p4\"><span style=\"color: #333333; font-size: 14px;\">Les frais de scolarit\u00e9 annuels peuvent \u00eatre pay\u00e9s en 1, 3 ou 10 fois sans frais additionnels.<\/span><\/p>\n<p class=\"p4\"><span style=\"color: #333333; font-size: 14px;\">IL Y A 30 SEMAINE DE COURS PAR ANN\u00c9E SCOLAIRE.<\/span><\/p>\n<p class=\"p4\"><span style=\"color: #333333; font-size: 14px;\">TOUS LES FRAIS D\u00dbS SONT AU PRORATA DE LA DATE DE D\u00c9BUT DES COURS.<\/span><\/p>\n<p class=\"p6\"><span style=\"color: #333333; font-size: 14px;\">\u2022 Les cours commencent la semaine du 11 septembre.<\/span><\/p>\n<p class=\"p6\"><span style=\"color: #333333; font-size: 14px;\">\u2022 Il y a 30 semaines de cours de septembre \u00e0 ao\u00fbt.<\/span><\/p>\n<p class=\"p6\"><span style=\"color: #333333; font-size: 14px;\">\u2022 Tous les frais sont calcul\u00e9s au prorata de la date \u00e0 laquelle vous commencez.<\/span><\/p>\n<p class=\"p6\"><span style=\"color: #333333; font-size: 14px;\">\u2022 Tous les frais pay\u00e9s au Conservatoire pour les le\u00e7ons dispens\u00e9es \u00e0 domicile donnent droit \u00e0 une r\u00e9duction\/cr\u00e9dit d&rsquo;imp\u00f4t de 50% gr\u00e2ce au <i>service \u00e0 la personne <\/i>(pour les personnes d\u00e9clarant leurs revenus en France).<\/span><\/p>\n<p class=\"p6\"><span style=\"color: #333333; font-size: 14px;\">\u2022 Les frais de scolarit\u00e9 pay\u00e9s au Conservatoire s&rsquo;entendent avant le cr\u00e9dit d&rsquo;imp\u00f4t.<\/span><\/p>\n<p class=\"p6\"><span style=\"color: #333333; font-size: 14px;\">\u2022 Les \u00e9l\u00e8ves du Conservatoire peuvent prendre des cours suppl\u00e9mentaires pendant l&rsquo;\u00e9t\u00e9 \u00e0 un prix r\u00e9duit.<\/span><\/p>\n[\/vc_column_text]<div class=\"vcex-spacing wpex-w-100 wpex-clear\"><\/div><div class=\"theme-button-wrap textcenter wpex-clr\"><a href=\"https:\/\/americanconservatoryofparis.com\/wp-content\/uploads\/2025\/07\/Tuition-Fees-2025-2026.pdf\" class=\"vcex-button theme-button outline rosy small align-center inline\" title=\"Frais de scolarit\u00e9\" target=\"_blank\" rel=\"noopener noreferrer\"><span class=\"vcex-button-inner theme-button-inner wpex-flex wpex-flex-wrap wpex-items-center wpex-justify-center\">Frais de scolarit\u00e9<\/span><\/a><\/div> [\/vc_tta_section][\/vc_tta_tour][\/vc_column][\/vc_row][vc_row bg_style=\u00a0\u00bbstretch\u00a0\u00bb video_bg_overlay=\u00a0\u00bbnone\u00a0\u00bb][vc_column][\/vc_column][\/vc_row][vc_row][vc_column][vc_column_text][\/vc_column_text][\/vc_column][\/vc_row]\n<\/div>","protected":false},"excerpt":{"rendered":"<p>[vc_row bg_style=\u00a0\u00bbstretch\u00a0\u00bb video_bg_overlay=\u00a0\u00bbnone\u00a0\u00bb margin_left=\u00a0\u00bb10px\u00a0\u00bb margin_right=\u00a0\u00bb10px\u00a0\u00bb][vc_column bg_style=\u00a0\u00bbstretch\u00a0\u00bb width=\u00a0\u00bb1\/3&Prime; el_class=\u00a0\u00bbbordered-column\u00a0\u00bb][vc_single_image image=\u00a0\u00bb9053&Prime; alignment=\u00a0\u00bbleft\u00a0\u00bb][\/vc_column][vc_column width=\u00a0\u00bb2\/3&Prime; css=\u00a0\u00bb.vc_custom_1534832422001{padding-right: 30px !important;}\u00a0\u00bb][vc_tta_tour active_section=\u00a0\u00bb1&Prime; title=\u00a0\u00bbFormulaires d inscription\u00a0\u00bb el_id=\u00a0\u00bbbordered-column\u00a0\u00bb][vc_tta_section title=\u00a0\u00bbCours particuliers\u00a0\u00bb tab_id=\u00a0\u00bb1534764717903-e0088cd9-15c8&Prime;][vc_column_text css=\u00a0\u00bb\u00a0\u00bb] INCRIVEZ VOU POUR: Des cours \u00e0 domicile \/ Des cours en ligne \/ Des cours de solf\u00e8ge en ligne \/ Des cours \u00e0 ISP\/ Des cours \u00e0 Marymount \u00c2GES &#8211; Enfants (\u00e0&hellip;<\/p>\n","protected":false},"author":1,"featured_media":9053,"parent":0,"menu_order":0,"comment_status":"closed","ping_status":"closed","template":"","meta":{"footnotes":""},"class_list":["post-10881","page","type-page","status-publish","has-post-thumbnail","hentry","entry","has-media"],"_links":{"self":[{"href":"https:\/\/americanconservatoryofparis.com\/fr\/wp-json\/wp\/v2\/pages\/10881","targetHints":{"allow":["GET"]}}],"collection":[{"href":"https:\/\/americanconservatoryofparis.com\/fr\/wp-json\/wp\/v2\/pages"}],"about":[{"href":"https:\/\/americanconservatoryofparis.com\/fr\/wp-json\/wp\/v2\/types\/page"}],"author":[{"embeddable":true,"href":"https:\/\/americanconservatoryofparis.com\/fr\/wp-json\/wp\/v2\/users\/1"}],"replies":[{"embeddable":true,"href":"https:\/\/americanconservatoryofparis.com\/fr\/wp-json\/wp\/v2\/comments?post=10881"}],"version-history":[{"count":0,"href":"https:\/\/americanconservatoryofparis.com\/fr\/wp-json\/wp\/v2\/pages\/10881\/revisions"}],"wp:featuredmedia":[{"embeddable":true,"href":"https:\/\/americanconservatoryofparis.com\/fr\/wp-json\/wp\/v2\/media\/9053"}],"wp:attachment":[{"href":"https:\/\/americanconservatoryofparis.com\/fr\/wp-json\/wp\/v2\/media?parent=10881"}],"curies":[{"name":"wp","href":"https:\/\/api.w.org\/{rel}","templated":true}]}}