{"id":10843,"date":"2013-12-03T06:16:44","date_gmt":"2013-12-03T05:16:44","guid":{"rendered":"https:\/\/americanconservatoryofparis.com\/?page_id=10843"},"modified":"2024-07-21T15:27:18","modified_gmt":"2024-07-21T13:27:18","slug":"contactez-nous","status":"publish","type":"page","link":"https:\/\/americanconservatoryofparis.com\/fr\/contactez-nous\/","title":{"rendered":"Contactez-nous"},"content":{"rendered":"<div class=\"wpb-content-wrapper\">[vc_row center_row=\u00a0\u00bbyes\u00a0\u00bb bg_style=\u00a0\u00bbstretch\u00a0\u00bb video_bg_overlay=\u00a0\u00bbnone\u00a0\u00bb border_style=\u00a0\u00bbsolid\u00a0\u00bb padding_top=\u00a0\u00bb30px\u00a0\u00bb padding_bottom=\u00a0\u00bb60px\u00a0\u00bb][\/vc_row][vc_column][\/vc_column][vc_row_inner css=\u00a0\u00bb.vc_custom_1688656458863{padding-bottom: 40px !important;}\u00a0\u00bb][vc_column_inner width=\u00a0\u00bb1\/2&Prime;][vc_text_separator title=\u00a0\u00bbNous sommes \u00e0 votre \u00e9coute\u00a0\u00bb title_align=\u00a0\u00bbseparator_align_left\u00a0\u00bb color=\u00a0\u00bbcustom\u00a0\u00bb font_size=\u00a0\u00bb16px\u00a0\u00bb font_weight=\u00a0\u00bb400&Prime; element_type=\u00a0\u00bbh1&Prime; accent_color=\u00a0\u00bb#8a2194&Prime;]<div class=\"vcex-spacing wpex-w-100 wpex-clear\" style=\"height:15px;\"><\/div>[vc_column_text]\n<h2><span style=\"color: #000000;\">Nous avons h\u00e2te d&rsquo;\u00e9changer avec vous!<\/span><\/h2>\n<p><span style=\"font-size: 16px; color: #333333;\">Avant de vous inscrire, notre \u00e9quipe d&rsquo;admissions est disponible pour discuter de vos objectifs et d\u00e9sirs musicaux personnels, et pour r\u00e9pondre \u00e0 toutes les questions que vous pourriez avoir concernant les cours propos\u00e9s ou le processus d&rsquo;inscription.<\/span><\/p>\n<p><span style=\"font-size: 16px; color: #333333;\">De nombreuses questions trouvent une r\u00e9ponse sur notre <a style=\"color: #333333;\" title=\"FAQ\" href=\"https:\/\/americanconservatoryofparis.com\/fr\/faq\/\">FAQ<\/a>.<\/span>[\/vc_column_text][\/vc_column_inner][vc_column_inner width=\u00a0\u00bb1\/2&Prime;][vc_text_separator title=\u00a0\u00bbNos Informations\u00a0\u00bb title_align=\u00a0\u00bbseparator_align_left\u00a0\u00bb color=\u00a0\u00bbcustom\u00a0\u00bb font_size=\u00a0\u00bb16px\u00a0\u00bb font_weight=\u00a0\u00bb400&Prime; element_type=\u00a0\u00bbh1&Prime; accent_color=\u00a0\u00bb#8a2194&Prime;]<div class=\"vcex-spacing wpex-w-100 wpex-clear\" style=\"height:15px;\"><\/div>[vc_column_text]\n<div><span style=\"font-size: 16px; color: #333333;\">+33 (0)6 37 86 04 98<\/span><\/div>\n<div><span style=\"font-size: 16px; color: #333333;\">admissions@americanconservatoryofparis.com<\/span><\/div>\n<div><span style=\"font-size: 16px;\">~<\/span><\/div>\n[\/vc_column_text][vc_column_text]\n<div><span style=\"font-size: 16px; color: #333333;\">The American Conservatory of Paris<\/span><\/div>\n<div><span style=\"font-size: 16px; color: #333333;\">5 boulevard Jules Ferry<\/span><\/div>\n<div><span style=\"font-size: 16px; color: #333333;\">75011 Paris FRANCE<\/span><\/div>\n[\/vc_column_text][vc_column_text]\n<div><span style=\"font-size: 16px; color: #333333;\">~<\/span><\/div>\n<div><span style=\"font-size: 16px; color: #333333;\">Cette adresse n&rsquo;est pas ouverte au public.<\/span><\/div>\n<div><span style=\"font-size: 16px; color: #333333;\">Contactez-nous par email ou t\u00e9l\u00e9phone.<\/span><\/div>\n[\/vc_column_text][\/vc_column_inner][vc_column_inner][\/vc_column_inner][\/vc_row_inner][vc_row][vc_column][\/vc_column][\/vc_row]\n<\/div>","protected":false},"excerpt":{"rendered":"<p>[vc_row center_row=\u00a0\u00bbyes\u00a0\u00bb bg_style=\u00a0\u00bbstretch\u00a0\u00bb video_bg_overlay=\u00a0\u00bbnone\u00a0\u00bb border_style=\u00a0\u00bbsolid\u00a0\u00bb padding_top=\u00a0\u00bb30px\u00a0\u00bb padding_bottom=\u00a0\u00bb60px\u00a0\u00bb][\/vc_row][vc_column][\/vc_column][vc_row_inner css=\u00a0\u00bb.vc_custom_1688656458863{padding-bottom: 40px !important;}\u00a0\u00bb][vc_column_inner width=\u00a0\u00bb1\/2&Prime;][vc_text_separator title=\u00a0\u00bbNous sommes \u00e0 votre \u00e9coute\u00a0\u00bb title_align=\u00a0\u00bbseparator_align_left\u00a0\u00bb color=\u00a0\u00bbcustom\u00a0\u00bb font_size=\u00a0\u00bb16px\u00a0\u00bb font_weight=\u00a0\u00bb400&Prime; element_type=\u00a0\u00bbh1&Prime; accent_color=\u00a0\u00bb#8a2194&Prime;][vc_column_text] Nous avons h\u00e2te d&rsquo;\u00e9changer avec vous! Avant de vous inscrire, notre \u00e9quipe d&rsquo;admissions est disponible pour discuter de vos objectifs et d\u00e9sirs musicaux personnels, et pour r\u00e9pondre \u00e0 toutes les questions que vous&hellip;<\/p>\n","protected":false},"author":1,"featured_media":0,"parent":0,"menu_order":0,"comment_status":"closed","ping_status":"closed","template":"","meta":{"footnotes":""},"class_list":["post-10843","page","type-page","status-publish","hentry","entry","no-media"],"_links":{"self":[{"href":"https:\/\/americanconservatoryofparis.com\/fr\/wp-json\/wp\/v2\/pages\/10843","targetHints":{"allow":["GET"]}}],"collection":[{"href":"https:\/\/americanconservatoryofparis.com\/fr\/wp-json\/wp\/v2\/pages"}],"about":[{"href":"https:\/\/americanconservatoryofparis.com\/fr\/wp-json\/wp\/v2\/types\/page"}],"author":[{"embeddable":true,"href":"https:\/\/americanconservatoryofparis.com\/fr\/wp-json\/wp\/v2\/users\/1"}],"replies":[{"embeddable":true,"href":"https:\/\/americanconservatoryofparis.com\/fr\/wp-json\/wp\/v2\/comments?post=10843"}],"version-history":[{"count":0,"href":"https:\/\/americanconservatoryofparis.com\/fr\/wp-json\/wp\/v2\/pages\/10843\/revisions"}],"wp:attachment":[{"href":"https:\/\/americanconservatoryofparis.com\/fr\/wp-json\/wp\/v2\/media?parent=10843"}],"curies":[{"name":"wp","href":"https:\/\/api.w.org\/{rel}","templated":true}]}}