{"id":10626,"date":"2013-11-24T22:27:03","date_gmt":"2013-11-24T21:27:03","guid":{"rendered":"https:\/\/americanconservatoryofparis.com\/?page_id=10626"},"modified":"2024-07-21T14:21:16","modified_gmt":"2024-07-21T12:21:16","slug":"cours","status":"publish","type":"page","link":"https:\/\/americanconservatoryofparis.com\/fr\/cours\/","title":{"rendered":"Cours"},"content":{"rendered":"<div class=\"wpb-content-wrapper\">[vc_row][vc_column style=\u00a0\u00bbdefault\u00a0\u00bb bg_style=\u00a0\u00bbstretch\u00a0\u00bb border_style=\u00a0\u00bbsolid\u00a0\u00bb border_color=\u00a0\u00bbrgba(153,28,125,0.3)\u00a0\u00bb]<style>.vcex-portfolio-grid-wrap.vcex_69f20b364c154 .entry-title{color:#000000;}<\/style><div class=\"vcex-module vcex-portfolio-grid-wrap wpex-clr vcex_69f20b364c154\"><ul class=\"vcex-portfolio-filter vcex-filter-links wpex-flex-wrap wpex-list-none wpex-m-0 wpex-mb-25 wpex-gap-5 wpex-flex\"><li class=\"active\"><a href=\"#\" data-filter=\"*\" class=\"theme-button minimal-border\"><span>Tous<\/span><\/a><\/li><li class=\"filter-cat-168\"><a href=\"#\" data-filter=\".cat-168\" class=\"theme-button minimal-border\">\u00c0 domicile<\/a><\/li><li class=\"filter-cat-170\"><a href=\"#\" data-filter=\".cat-170\" class=\"theme-button minimal-border\">\u00c0 ISP<\/a><\/li><li class=\"filter-cat-182\"><a href=\"#\" data-filter=\".cat-182\" class=\"theme-button minimal-border\">\u00c0 Marymount<\/a><\/li><li class=\"filter-cat-172\"><a href=\"#\" data-filter=\".cat-172\" class=\"theme-button minimal-border\">En ligne<\/a><\/li><\/ul><div class=\"wpex-row vcex-portfolio-grid wpex-clr entries gap-5 match-height-grid vcex-isotope-grid wpex-overflow-hidden\" data-layout-mode=\"fitRows\"><div class=\"portfolio-entry vcex-grid-item entry-has-details span_1_of_6 col col-1 vcex-isotope-entry entry post-10631 type-portfolio has-media tag-164 tag-166 tag-167 tag-165 cat-168 translation_priority-156\"><div class=\"portfolio-entry-inner entry-inner wpex-first-mt-0 wpex-last-mb-0 wpex-clr\"><div class=\"portfolio-entry-media entry-media wpex-relative wpex-image-hover grow\"><a href=\"https:\/\/americanconservatoryofparis.com\/fr\/lessons\/cours-particiliers-de-musique-paris-a-domicile\/\" title=\"Cours particuliers de musique \u00e0 domicile\" class=\"portfolio-entry-media-link\"><img data-no-lazy=\"1\" class=\"portfolio-entry-img wpex-align-middle skip-lazy\" src=\"https:\/\/americanconservatoryofparis.com\/wp-content\/uploads\/2017\/08\/ACP20161203_246-e1594282478689-300x300.jpg\" alt=\"Music Lessons Paris\" width=\"300\" height=\"300\"><\/a><\/div><div class=\"portfolio-entry-details entry-details wpex-boxed wpex-first-mt-0 wpex-last-mb-0 wpex-clr vc_custom_1721523320021\"><div class=\"match-height-content\"><h2 class=\"portfolio-entry-title entry-title wpex-mb-5 wpex-child-inherit-color\"><a href=\"https:\/\/americanconservatoryofparis.com\/fr\/lessons\/cours-particiliers-de-musique-paris-a-domicile\/\" title=\"Cours particuliers de musique \u00e0 domicile\">Cours particuliers de musique \u00e0 domicile<\/a><\/h2><div class=\"portfolio-entry-excerpt entry-excerpt wpex-my-15 wpex-text-pretty wpex-last-mb-0 wpex-clr\"><p>Profitez de nos cours particuliers de musique \u00e0 Paris \u00e0 domicile. Nos professeurs enseignent chez vous le jour et \u00e0 l\u2019heure de votre choix.<\/p><\/div><div class=\"portfolio-entry-readmore-wrap entry-readmore-wrap wpex-my-15 wpex-clr\"><a href=\"https:\/\/americanconservatoryofparis.com\/fr\/lessons\/cours-particiliers-de-musique-paris-a-domicile\/\" class=\"portfolio-entry-readmore entry-readmore theme-txt-link\" aria-label=\"En savoir plus... about Cours particuliers de musique \u00e0 domicile\">En savoir plus...<\/a><\/div><\/div><\/div><\/div><\/div><div class=\"portfolio-entry vcex-grid-item entry-has-details span_1_of_6 col col-2 vcex-isotope-entry entry post-10720 type-portfolio has-media cat-172 translation_priority-156\"><div class=\"portfolio-entry-inner entry-inner wpex-first-mt-0 wpex-last-mb-0 wpex-clr\"><div class=\"portfolio-entry-media entry-media wpex-relative wpex-image-hover grow\"><a href=\"https:\/\/americanconservatoryofparis.com\/fr\/lessons\/cours-de-musique-en-ligne\/\" title=\"Cours particuliers de musique en ligne\" class=\"portfolio-entry-media-link\"><img data-no-lazy=\"1\" class=\"portfolio-entry-img wpex-align-middle skip-lazy\" src=\"https:\/\/americanconservatoryofparis.com\/wp-content\/uploads\/2020\/07\/shutterstock_1697883127-piano-online-e1594463057888-300x300.jpg\" alt=\"Cours particuliers de musique en ligne\" width=\"300\" height=\"300\"><\/a><\/div><div class=\"portfolio-entry-details entry-details wpex-boxed wpex-first-mt-0 wpex-last-mb-0 wpex-clr vc_custom_1721523320021\"><div class=\"match-height-content\"><h2 class=\"portfolio-entry-title entry-title wpex-mb-5 wpex-child-inherit-color\"><a href=\"https:\/\/americanconservatoryofparis.com\/fr\/lessons\/cours-de-musique-en-ligne\/\" title=\"Cours particuliers de musique en ligne\">Cours particuliers de musique en ligne<\/a><\/h2><div class=\"portfolio-entry-excerpt entry-excerpt wpex-my-15 wpex-text-pretty wpex-last-mb-0 wpex-clr\"><p>Cours de musique en ligne, o\u00f9 que vous soyez. Cours de musique en ligne le jour et \u00e0 l'heure que vous choisissez. Nous avons des r\u00e9sultats...<\/p><\/div><div class=\"portfolio-entry-readmore-wrap entry-readmore-wrap wpex-my-15 wpex-clr\"><a href=\"https:\/\/americanconservatoryofparis.com\/fr\/lessons\/cours-de-musique-en-ligne\/\" class=\"portfolio-entry-readmore entry-readmore theme-txt-link\" aria-label=\"En savoir plus... about Cours particuliers de musique en ligne\">En savoir plus...<\/a><\/div><\/div><\/div><\/div><\/div><div class=\"portfolio-entry vcex-grid-item entry-has-details span_1_of_6 col col-3 vcex-isotope-entry entry post-10822 type-portfolio has-media tag-164 cat-172 translation_priority-156\"><div class=\"portfolio-entry-inner entry-inner wpex-first-mt-0 wpex-last-mb-0 wpex-clr\"><div class=\"portfolio-entry-media entry-media wpex-relative wpex-image-hover grow\"><a href=\"https:\/\/americanconservatoryofparis.com\/fr\/lessons\/abrsm-solfege-en-ligne\/\" title=\"ABRSM solf\u00e8ge en ligne\" class=\"portfolio-entry-media-link\"><img data-no-lazy=\"1\" class=\"portfolio-entry-img wpex-align-middle skip-lazy\" src=\"https:\/\/americanconservatoryofparis.com\/wp-content\/uploads\/2014\/07\/ABRSM-New-Logo-300x300.png\" alt=\"Examens ABRSM\" srcset=\"https:\/\/americanconservatoryofparis.com\/wp-content\/uploads\/2014\/07\/ABRSM-New-Logo-300x300.png 300w, https:\/\/americanconservatoryofparis.com\/wp-content\/uploads\/2014\/07\/ABRSM-New-Logo-100x100.png 100w\" width=\"300\" height=\"300\"><\/a><\/div><div class=\"portfolio-entry-details entry-details wpex-boxed wpex-first-mt-0 wpex-last-mb-0 wpex-clr vc_custom_1721523320021\"><div class=\"match-height-content\"><h2 class=\"portfolio-entry-title entry-title wpex-mb-5 wpex-child-inherit-color\"><a href=\"https:\/\/americanconservatoryofparis.com\/fr\/lessons\/abrsm-solfege-en-ligne\/\" title=\"ABRSM solf\u00e8ge en ligne\">ABRSM solf\u00e8ge en ligne<\/a><\/h2><div class=\"portfolio-entry-excerpt entry-excerpt wpex-my-15 wpex-text-pretty wpex-last-mb-0 wpex-clr\"><p>\u00c0 mesure que les comp\u00e9tences instrumentales progressent, le solf\u00e8ge devient de plus en plus essentiel. ABRSM solf\u00e8ge en ligne ...<\/p><\/div><div class=\"portfolio-entry-readmore-wrap entry-readmore-wrap wpex-my-15 wpex-clr\"><a href=\"https:\/\/americanconservatoryofparis.com\/fr\/lessons\/abrsm-solfege-en-ligne\/\" class=\"portfolio-entry-readmore entry-readmore theme-txt-link\" aria-label=\"En savoir plus... about ABRSM solf\u00e8ge en ligne\">En savoir plus...<\/a><\/div><\/div><\/div><\/div><\/div><div class=\"portfolio-entry vcex-grid-item entry-has-details span_1_of_6 col col-4 vcex-isotope-entry entry post-10710 type-portfolio has-media tag-164 tag-169 cat-170 translation_priority-156\"><div class=\"portfolio-entry-inner entry-inner wpex-first-mt-0 wpex-last-mb-0 wpex-clr\"><div class=\"portfolio-entry-media entry-media wpex-relative wpex-image-hover grow\"><a href=\"https:\/\/americanconservatoryofparis.com\/fr\/lessons\/isp\/\" title=\"Cours particuliers de musique \u00e0 ISP\" class=\"portfolio-entry-media-link\"><img data-no-lazy=\"1\" class=\"portfolio-entry-img wpex-align-middle skip-lazy\" src=\"https:\/\/americanconservatoryofparis.com\/wp-content\/uploads\/2013\/09\/ISP-Logo-300x300.jpg\" alt=\"Private Music Lessons at ISP\" srcset=\"https:\/\/americanconservatoryofparis.com\/wp-content\/uploads\/2013\/09\/ISP-Logo-300x300.jpg 300w, https:\/\/americanconservatoryofparis.com\/wp-content\/uploads\/2013\/09\/ISP-Logo-150x150.jpg 150w\" width=\"300\" height=\"300\"><\/a><\/div><div class=\"portfolio-entry-details entry-details wpex-boxed wpex-first-mt-0 wpex-last-mb-0 wpex-clr vc_custom_1721523320021\"><div class=\"match-height-content\"><h2 class=\"portfolio-entry-title entry-title wpex-mb-5 wpex-child-inherit-color\"><a href=\"https:\/\/americanconservatoryofparis.com\/fr\/lessons\/isp\/\" title=\"Cours particuliers de musique \u00e0 ISP\">Cours particuliers de musique \u00e0 ISP<\/a><\/h2><div class=\"portfolio-entry-excerpt entry-excerpt wpex-my-15 wpex-text-pretty wpex-last-mb-0 wpex-clr\"><p>Cours particuliers de musique apr\u00e8s l'\u00e9cole \u00e0 Ranelagh, Cortambert et Beethoven. Cours r\u00e9serv\u00e9s aux \u00e9l\u00e8ve d'ISP seulement. Les cours se d\u00e9roulent directement apr\u00e8s l'\u00e9cole le jour de votre choix.<\/p><\/div><div class=\"portfolio-entry-readmore-wrap entry-readmore-wrap wpex-my-15 wpex-clr\"><a href=\"https:\/\/americanconservatoryofparis.com\/fr\/lessons\/isp\/\" class=\"portfolio-entry-readmore entry-readmore theme-txt-link\" aria-label=\"En savoir plus... about Cours particuliers de musique \u00e0 ISP\">En savoir plus...<\/a><\/div><\/div><\/div><\/div><\/div><div class=\"portfolio-entry vcex-grid-item entry-has-details span_1_of_6 col col-5 vcex-isotope-entry entry post-15219 type-portfolio has-media tag-164 tag-169 cat-182 translation_priority-156\"><div class=\"portfolio-entry-inner entry-inner wpex-first-mt-0 wpex-last-mb-0 wpex-clr\"><div class=\"portfolio-entry-media entry-media wpex-relative wpex-image-hover grow\"><a href=\"https:\/\/americanconservatoryofparis.com\/fr\/lessons\/marymount\/\" title=\"Cours particuliers de musique \u00e0 Marymount\" class=\"portfolio-entry-media-link\"><img data-no-lazy=\"1\" class=\"portfolio-entry-img wpex-align-middle skip-lazy\" src=\"https:\/\/americanconservatoryofparis.com\/wp-content\/uploads\/2024\/07\/Marymount-Logos-100-e1721559162956-300x300.png\" alt=\"Private Music Lessons at Marymount\" width=\"300\" height=\"300\"><\/a><\/div><div class=\"portfolio-entry-details entry-details wpex-boxed wpex-first-mt-0 wpex-last-mb-0 wpex-clr vc_custom_1721523320021\"><div class=\"match-height-content\"><h2 class=\"portfolio-entry-title entry-title wpex-mb-5 wpex-child-inherit-color\"><a href=\"https:\/\/americanconservatoryofparis.com\/fr\/lessons\/marymount\/\" title=\"Cours particuliers de musique \u00e0 Marymount\">Cours particuliers de musique \u00e0 Marymount<\/a><\/h2><div class=\"portfolio-entry-excerpt entry-excerpt wpex-my-15 wpex-text-pretty wpex-last-mb-0 wpex-clr\"><p>Cours particuliers de musique \u00e0 Marymount apr\u00e8s l'\u00e9cole. Seulement pour les \u00e9l\u00e8ves de Marymount. Les cours se d\u00e9roulent directement apr\u00e8s l'\u00e9cole le jour de votre choix.<\/p><\/div><div class=\"portfolio-entry-readmore-wrap entry-readmore-wrap wpex-my-15 wpex-clr\"><a href=\"https:\/\/americanconservatoryofparis.com\/fr\/lessons\/marymount\/\" class=\"portfolio-entry-readmore entry-readmore theme-txt-link\" aria-label=\"En savoir plus... about Cours particuliers de musique \u00e0 Marymount\">En savoir plus...<\/a><\/div><\/div><\/div><\/div><\/div><div class=\"portfolio-entry vcex-grid-item entry-has-details span_1_of_6 col col-6 vcex-isotope-entry entry post-10792 type-portfolio has-media cat-168 cat-172 translation_priority-156\"><div class=\"portfolio-entry-inner entry-inner wpex-first-mt-0 wpex-last-mb-0 wpex-clr\"><div class=\"portfolio-entry-media entry-media wpex-relative wpex-image-hover grow\"><a href=\"https:\/\/americanconservatoryofparis.com\/fr\/lessons\/cours-music-box\/\" title=\"Music Box\" class=\"portfolio-entry-media-link\"><img data-no-lazy=\"1\" class=\"portfolio-entry-img wpex-align-middle skip-lazy\" src=\"https:\/\/americanconservatoryofparis.com\/wp-content\/uploads\/2013\/11\/music-box-x5581-e1594463985683-300x300.png\" alt=\"Music Box\" srcset=\"https:\/\/americanconservatoryofparis.com\/wp-content\/uploads\/2013\/11\/music-box-x5581-e1594463985683-300x300.png 300w, https:\/\/americanconservatoryofparis.com\/wp-content\/uploads\/2013\/11\/music-box-x5581-150x150.png 150w, https:\/\/americanconservatoryofparis.com\/wp-content\/uploads\/2013\/11\/music-box-x5581-90x90.png 90w, https:\/\/americanconservatoryofparis.com\/wp-content\/uploads\/2013\/11\/music-box-x5581-e1594463985683-125x125.png 125w, https:\/\/americanconservatoryofparis.com\/wp-content\/uploads\/2013\/11\/music-box-x5581-e1594463985683-500x500.png 500w, https:\/\/americanconservatoryofparis.com\/wp-content\/uploads\/2013\/11\/music-box-x5581-e1594463985683-45x45.png 45w\" width=\"300\" height=\"300\"><\/a><\/div><div class=\"portfolio-entry-details entry-details wpex-boxed wpex-first-mt-0 wpex-last-mb-0 wpex-clr vc_custom_1721523320021\"><div class=\"match-height-content\"><h2 class=\"portfolio-entry-title entry-title wpex-mb-5 wpex-child-inherit-color\"><a href=\"https:\/\/americanconservatoryofparis.com\/fr\/lessons\/cours-music-box\/\" title=\"Music Box\">Music Box<\/a><\/h2><div class=\"portfolio-entry-excerpt entry-excerpt wpex-my-15 wpex-text-pretty wpex-last-mb-0 wpex-clr\"><p>Cours de musique pendant un court s\u00e9jour \u00e0 Paris ou une excellent id\u00e9e cadeau! Forfait pr\u00e9pay\u00e9 de tous nombres de cours disponible.<\/p><\/div><div class=\"portfolio-entry-readmore-wrap entry-readmore-wrap wpex-my-15 wpex-clr\"><a href=\"https:\/\/americanconservatoryofparis.com\/fr\/lessons\/cours-music-box\/\" class=\"portfolio-entry-readmore entry-readmore theme-txt-link\" aria-label=\"En savoir plus... about Music Box\">En savoir plus...<\/a><\/div><\/div><\/div><\/div><\/div><\/div><\/div>[\/vc_column][\/vc_row][vc_row bg_style=\u00a0\u00bbstretch\u00a0\u00bb video_bg_overlay=\u00a0\u00bbnone\u00a0\u00bb][vc_column][\/vc_column][\/vc_row]\n<\/div>","protected":false},"excerpt":{"rendered":"<p>[vc_row][vc_column style=\u00a0\u00bbdefault\u00a0\u00bb bg_style=\u00a0\u00bbstretch\u00a0\u00bb border_style=\u00a0\u00bbsolid\u00a0\u00bb border_color=\u00a0\u00bbrgba(153,28,125,0.3)\u00a0\u00bb][\/vc_column][\/vc_row][vc_row bg_style=\u00a0\u00bbstretch\u00a0\u00bb video_bg_overlay=\u00a0\u00bbnone\u00a0\u00bb][vc_column][\/vc_column][\/vc_row]<\/p>\n","protected":false},"author":2,"featured_media":8930,"parent":0,"menu_order":0,"comment_status":"closed","ping_status":"closed","template":"","meta":{"footnotes":""},"class_list":["post-10626","page","type-page","status-publish","has-post-thumbnail","hentry","entry","has-media"],"_links":{"self":[{"href":"https:\/\/americanconservatoryofparis.com\/fr\/wp-json\/wp\/v2\/pages\/10626","targetHints":{"allow":["GET"]}}],"collection":[{"href":"https:\/\/americanconservatoryofparis.com\/fr\/wp-json\/wp\/v2\/pages"}],"about":[{"href":"https:\/\/americanconservatoryofparis.com\/fr\/wp-json\/wp\/v2\/types\/page"}],"author":[{"embeddable":true,"href":"https:\/\/americanconservatoryofparis.com\/fr\/wp-json\/wp\/v2\/users\/2"}],"replies":[{"embeddable":true,"href":"https:\/\/americanconservatoryofparis.com\/fr\/wp-json\/wp\/v2\/comments?post=10626"}],"version-history":[{"count":0,"href":"https:\/\/americanconservatoryofparis.com\/fr\/wp-json\/wp\/v2\/pages\/10626\/revisions"}],"wp:featuredmedia":[{"embeddable":true,"href":"https:\/\/americanconservatoryofparis.com\/fr\/wp-json\/wp\/v2\/media\/8930"}],"wp:attachment":[{"href":"https:\/\/americanconservatoryofparis.com\/fr\/wp-json\/wp\/v2\/media?parent=10626"}],"curies":[{"name":"wp","href":"https:\/\/api.w.org\/{rel}","templated":true}]}}