{"id":10264,"date":"2023-11-25T09:10:54","date_gmt":"2023-11-25T08:10:54","guid":{"rendered":"https:\/\/americanconservatoryofparis.com\/?page_id=10264"},"modified":"2025-07-23T17:29:25","modified_gmt":"2025-07-23T15:29:25","slug":"cours-de-guitare-en-ligne","status":"publish","type":"page","link":"https:\/\/americanconservatoryofparis.com\/fr\/cours-de-guitare-en-ligne\/","title":{"rendered":"Cours de guitare en ligne"},"content":{"rendered":"<div class=\"wpb-content-wrapper\">[vc_row css_animation=\u00a0\u00bbtop-to-bottom\u00a0\u00bb bg_style=\u00a0\u00bbstretch\u00a0\u00bb video_bg_overlay=\u00a0\u00bbnone\u00a0\u00bb][vc_column width=\u00a0\u00bb1\/2&Prime;][vc_text_separator title=\u00a0\u00bbCours de guitare en ligne &#8211; Informations\u00a0\u00bb title_align=\u00a0\u00bbseparator_align_left\u00a0\u00bb color=\u00a0\u00bbcustom\u00a0\u00bb element_type=\u00a0\u00bbdiv\u00a0\u00bb accent_color=\u00a0\u00bb#8a2194&Prime;]<div class=\"vcex-spacing wpex-w-100 wpex-clear\" style=\"height:10px;\"><\/div>[vc_column_text]\n<h1><span style=\"font-size: 21px; color: #000000;\">Nos cours de guitare en ligne sont ouverts aux \u00e9l\u00e8ves d\u00e9butants, interm\u00e9diaires et avanc\u00e9s de tous \u00e2ges. Nos professeurs travaillent avec vous le jour et \u00e0 l&rsquo;heure de votre choix afin que vous puissiez profiter vos cours de musique dans le confort de votre domicile. Tous les cours sont dispens\u00e9s en anglais.<\/span><\/h1>\n<p>&nbsp;<\/p>\n<p><span style=\"font-size: 16px; color: #333333;\">Rejoignez le Conservatoire pour commencer des cours de guitare en ligne \u00e0 tout moment de l\u2019ann\u00e9e. Ci-dessous se trouve des informations sur ce que nous proposons, comment s&rsquo;inscrire, ainsi que des ressources pr\u00e9cieuses pour les d\u00e9butants.<\/span><\/p>\n<h2><span style=\"font-weight: inherit; font-style: inherit; font-family: 'Open Sans'; color: #333333;\">\u00c0 propos de la guitare<\/span><\/h2>\n<p><span style=\"font-size: 16px; color: #333333;\">La guitare, instrument aux caract\u00e9ristiques musicales riches, offre une palette sonore vari\u00e9e, permettant d&rsquo;explorer des nuances m\u00e9lodiques et harmoniques dans une diversit\u00e9 de genres musicaux.<\/span><\/p>\n<p><span style=\"font-size: 16px; color: #333333;\">La guitare est un instrument qui peut \u00eatre commenc\u00e9 \u00e0 partir d&rsquo;environ 6 ans. Les enfants doivent \u00eatre assez grands pour pouvoir tenir la guitare correctement, en maintenant les deux bras dans la position appropri\u00e9e. Nous offrons des cours de guitare acoustique et \u00e9lectrique. C&rsquo;est un excellent choix d&rsquo;instrument pour les adolescents et les adultes d\u00e9butants.<\/span><\/p>\n<h2><span style=\"font-family: 'Open Sans'; color: #333333;\"><span style=\"font-weight: inherit; font-style: inherit;\"><span style=\"font-weight: 600; font-style: inherit;\">Nos professeurs<\/span><\/span><\/span><\/h2>\n<p><span style=\"font-size: 16px;\"><span style=\"color: #333333;\">Tous nos professeurs sont titulaires de dipl\u00f4mes universitaires ou de conservatoires sp\u00e9cifiques \u00e0 leur mati\u00e8re. Nous les avons choisis pour leur passion pour la musique et leur souci de l&rsquo;enseignement. Ils sont toujours encourageants et positifs, s&rsquo;adaptant aux int\u00e9r\u00eats, d\u00e9sirs et objectifs de chaque \u00e9l\u00e8ve. Nous enseignons avec une \u00ab Approche Am\u00e9ricaine \u00bb de l\u2019\u00e9ducation musicale, les mains sur l\u2019instrument d\u00e8s le premier jour (<\/span><a href=\"https:\/\/americanconservatoryofparis.com\/fr\/approche-americaine-enseignement-musique\/\">consultez notre article de blog sur l\u2019Approche Am\u00e9ricaine<\/a><span style=\"color: #333333;\">).<\/span><\/span><\/p>\n<h2><span style=\"font-family: 'Open Sans'; color: #333333;\"><span style=\"font-weight: inherit; font-style: inherit;\"><span style=\"font-weight: 600; font-style: inherit;\">Options de cours de guitare en ligne<\/span><\/span><\/span><\/h2>\n<p><span style=\"font-size: 16px; color: #333333;\">Nous offrons des cours hebdomadaires de 30 minutes, 45 minutes ou 1 heure. Les cours de guitare en ligne se d\u00e9roulent le jour et \u00e0 l\u2019heure de votre choix.<\/span><\/p>\n<h2><span style=\"color: #333333;\">Ce que vous allez apprendre<\/span><\/h2>\n<p><span style=\"font-size: 16px; color: #333333;\">Les cours de guitare incluent l\u2019apprentissage des accords de base puis avanc\u00e9s, des techniques de picking et de strumming, l\u2019exploration d\u2019un r\u00e9pertoire vari\u00e9, le d\u00e9veloppement des comp\u00e9tences de performance, ainsi que l\u2019improvisation pour les \u00e9l\u00e8ves les plus avanc\u00e9s. Si vous n&rsquo;avez pas encore de guitare, veuillez consulter les ressources utiles ci-dessous.<\/span><\/p>\n<h2><span style=\"color: #333333;\">Styles de musique<\/span><\/h2>\n<p><span style=\"font-size: 16px; color: #333333;\">Tous les styles de musique sont enseign\u00e9s : classique, pop, jazz, rock, etc.<\/span><\/p>\n<h2><span style=\"color: #333333;\">Faisons connaissance!<\/span><\/h2>\n<p><span style=\"font-size: 16px; color: #333333;\">Avant de vous inscrire, notre \u00e9quipe d&rsquo;admissions est disponible pour discuter de vos objectifs musicaux personnels et de r\u00e9pondre \u00e0 toutes les questions que vous pourriez avoir.<\/span><\/p>\n<h2><span style=\"color: #333333;\">Pr\u00e9paration aux examens ABRSM<\/span><\/h2>\n<p><span style=\"font-size: 16px; color: #333333;\">Le Conservatoire pr\u00e9pare environ 25 % de ses \u00e9l\u00e8ves aux examens optionnels ABRSM. Ces examens ne sont pas obligatoires.<\/span><\/p>\n<p><span style=\"font-size: 16px;\"><span style=\"color: #333333;\">Les examens ABRSM sont con\u00e7us pour motiver les \u00e9l\u00e8ves de tous niveaux et de tous \u00e2ges, leur donnant des objectifs r\u00e9alistes et des r\u00e9compenses tangibles pour leur travail. Depuis 1889, l&rsquo;ABRSM fournit aux professeurs de musique et \u00e0 leurs \u00e9l\u00e8ves des examens d&rsquo;\u00e9valuations qui \u00e9valuent leur niveau et les progr\u00e8s individuels. Pour en savoir plus sur ces examens, veuillez visiter<\/span> <a class=\"editor-rtfLink\" href=\"http:\/\/abrsm.org\/\" target=\"_blank\" rel=\"noopener\">www.abrsm.org<\/a> <span style=\"color: #333333;\">ou lire notre <a href=\"https:\/\/americanconservatoryofparis.com\/fr\/examens-abrsm-quest-ce-que-cest\/\">article de blog<\/a>.<\/span><\/span>[\/vc_column_text][\/vc_column][vc_column css_animation=\u00a0\u00bbtop-to-bottom\u00a0\u00bb style=\u00a0\u00bbdefault\u00a0\u00bb bg_style=\u00a0\u00bbstretch\u00a0\u00bb width=\u00a0\u00bb1\/2&Prime;]<div class=\"vcex-spacing wpex-w-100 wpex-clear\" style=\"height:10px;\"><\/div>[vc_row_inner][vc_column_inner][vc_single_image image=\u00a0\u00bb9120&Prime;]<div class=\"vcex-spacing wpex-w-100 wpex-clear\"><\/div>[\/vc_column_inner][\/vc_row_inner][vc_text_separator title=\u00a0\u00bbD\u00e9tails\u00a0\u00bb title_align=\u00a0\u00bbseparator_align_left\u00a0\u00bb color=\u00a0\u00bbcustom\u00a0\u00bb font_size=\u00a0\u00bb14px\u00a0\u00bb font_weight=\u00a0\u00bb600&Prime; element_type=\u00a0\u00bbdiv\u00a0\u00bb accent_color=\u00a0\u00bb#8a2194&Prime;]<div class=\"vcex-spacing wpex-w-100 wpex-clear\"><\/div>[vc_column_text]\n<ul>\n<li><span style=\"font-size: 16px;\"><span style=\"color: #000000;\"><strong>\u00c2ges:<\/strong><\/span> <span style=\"color: #333333;\">de 6 ans \u00e0 adulte<\/span><\/span><\/li>\n<li><span style=\"font-size: 16px;\"><span style=\"color: #000000;\"><strong>Niveaux:<\/strong><\/span> <span style=\"color: #333333;\">d\u00e9butant-avanc\u00e9<\/span><\/span><\/li>\n<li><span style=\"color: #000000; font-size: 16px;\"><strong>30 cours\/an<\/strong><\/span><\/li>\n<li><span style=\"color: #808080; font-size: 16px;\"><span style=\"color: #000000;\"><strong>L&rsquo;ann\u00e9e scolaire compl\u00e8te d\u00e9bute la 3\u00e8me semaine de septembre<\/strong><\/span><\/span><\/li>\n<li><span style=\"font-size: 16px;\"><span style=\"color: #000000;\"><strong>D\u00e9marrage tardif:<\/strong><\/span> <span style=\"color: #333333;\">Les cours peuvent commencer \u00e0 n\u2019importe quel moment de l\u2019ann\u00e9e. Tous les frais de scolarit\u00e9 sont calcul\u00e9 au prorata de la date de d\u00e9but des cours.<\/span><\/span><\/li>\n<li><span style=\"font-size: 16px;\"><strong><span style=\"color: #000000;\">\u00c9tudes courtes:<\/span><\/strong> <span style=\"color: #333333;\">Choisissez l&rsquo;option \u00ab\u00a0Music Box\u00a0\u00bb pour vous inscrire \u00e0 un ou quelques cours.<\/span><\/span><\/li>\n<\/ul>\n[\/vc_column_text]<div class=\"vcex-spacing wpex-w-100 wpex-clear\"><\/div>[vc_text_separator title=\u00a0\u00bbFrais de scolarit\u00e9 pour 30 semaines de cours\u00a0\u00bb title_align=\u00a0\u00bbseparator_align_left\u00a0\u00bb color=\u00a0\u00bbcustom\u00a0\u00bb font_size=\u00a0\u00bb14px\u00a0\u00bb font_weight=\u00a0\u00bb600&Prime; element_type=\u00a0\u00bbdiv\u00a0\u00bb accent_color=\u00a0\u00bb#8a2194&Prime;]<div class=\"vcex-spacing wpex-w-100 wpex-clear\"><\/div>[vc_column_text css=\u00a0\u00bb\u00a0\u00bb]<span style=\"font-size: 16px; color: #333333;\">Les frais de scolarit\u00e9 sont payables en 1, 3 ou 10 fois sans frais<\/span><\/p>\n<ul>\n<li><span style=\"font-size: 16px;\"><span style=\"color: #333333;\">1 heure &#8211;<\/span> <span style=\"color: #008000;\">2490\u20ac\/an<\/span><\/span><\/li>\n<li><span style=\"font-size: 16px;\"><span style=\"color: #333333;\">45 minutes &#8211;<\/span> <span style=\"color: #008000;\">1830\u20ac\/an<\/span><\/span><\/li>\n<li><span style=\"font-size: 16px;\"><span style=\"color: #333333;\">30 minutes &#8211;<\/span> <span style=\"color: #008000;\">1290\u20ac\/an<\/span><\/span><\/li>\n<\/ul>\n[\/vc_column_text]<div class=\"vcex-spacing wpex-w-100 wpex-clear\"><\/div><div class=\"theme-button-wrap textcenter wpex-clr\"><a href=\"https:\/\/americanconservatoryofparis.com\/sign-up-now\" class=\"vcex-button theme-button align-center inline\"><span class=\"vcex-button-inner theme-button-inner wpex-flex wpex-flex-wrap wpex-items-center wpex-justify-center\">Formulaire d&rsquo;inscription<\/span><\/a><\/div> <div class=\"vcex-spacing wpex-w-100 wpex-clear\"><\/div>[\/vc_column][\/vc_row][vc_row][vc_column]<div class=\"vcex-spacing wpex-w-100 wpex-clear\"><\/div>[vc_text_separator title=\u00a0\u00bbNos professeurs de guitare\u00a0\u00bb title_align=\u00a0\u00bbseparator_align_left\u00a0\u00bb color=\u00a0\u00bbcustom\u00a0\u00bb font_size=\u00a0\u00bb14px\u00a0\u00bb font_weight=\u00a0\u00bb600&Prime; element_type=\u00a0\u00bbdiv\u00a0\u00bb accent_color=\u00a0\u00bb#8a2194&Prime;]<div class=\"vcex-spacing wpex-w-100 wpex-clear\"><\/div><div class=\"vcex-module vcex-staff-grid-wrap wpex-clr\"><div class=\"wpex-row vcex-staff-grid entries wpex-clr\"><div class=\"staff-entry vcex-grid-item span_1_of_4 col col-1 has-readmore entry post-9395 type-staff has-media cat-102 cat-177 translation_priority-156\"><div class=\"staff-entry-inner entry-inner wpex-first-mt-0 wpex-last-mb-0 wpex-clr\"><div class=\"staff-entry-media entry-media wpex-relative wpex-mb-20\"><a href=\"https:\/\/americanconservatoryofparis.com\/fr\/faculty\/tomasz\/\" title=\"Tomasz\" class=\"staff-entry-media-link\"><img class=\"staff-entry-media-img staff-entry-img wpex-align-middle wpex-align-middle lazyload\" decoding=\"async\" data-src=\"https:\/\/americanconservatoryofparis.com\/wp-content\/uploads\/2023\/11\/DSC_3296-Tomasz-300x350.jpg\" alt=\"Professeur de guitare Paris\" width=\"300\" height=\"350\" src=\"data:image\/svg+xml;base64,PHN2ZyB3aWR0aD0iMSIgaGVpZ2h0PSIxIiB4bWxucz0iaHR0cDovL3d3dy53My5vcmcvMjAwMC9zdmciPjwvc3ZnPg==\" style=\"--smush-placeholder-width: 300px; --smush-placeholder-aspect-ratio: 300\/350;\"><\/a><\/div><div class=\"staff-entry-details entry-details wpex-first-mt-0 wpex-last-mb-0 wpex-clr\"><h2 class=\"staff-entry-title entry-title wpex-mb-5\"><a href=\"https:\/\/americanconservatoryofparis.com\/fr\/faculty\/tomasz\/\">Tomasz<\/a><\/h2><div class=\"staff-entry-excerpt entry-excerpt wpex-my-15 wpex-text-pretty wpex-last-mb-0 wpex-clr\"><p>Tomasz a d\u00e9but\u00e9 son \u00e9ducation musicale \u00e0 l'\u00e2ge de 7 ans en Pologne, son pays de naissance. D\u00e8s son plus jeune \u00e2ge, il s'est impliqu\u00e9 dans sa carri\u00e8re artistique.<\/p><\/div><div class=\"staff-entry-readmore-wrap entry-readmore-wrap wpex-my-15 wpex-clr\"><a href=\"https:\/\/americanconservatoryofparis.com\/fr\/faculty\/tomasz\/\" class=\"theme-button\" aria-label=\"Plus sur ce professeur about Tomasz\">Plus sur ce professeur<\/a><\/div><\/div><\/div><\/div><\/div><\/div><div class=\"vcex-spacing wpex-w-100 wpex-clear\"><\/div>[vc_text_separator title=\u00a0\u00bbLiens Utiles\u00a0\u00bb title_align=\u00a0\u00bbseparator_align_left\u00a0\u00bb color=\u00a0\u00bbcustom\u00a0\u00bb font_size=\u00a0\u00bb14px\u00a0\u00bb font_weight=\u00a0\u00bb600&Prime; element_type=\u00a0\u00bbdiv\u00a0\u00bb accent_color=\u00a0\u00bb#8a2194&Prime;]<div class=\"vcex-spacing wpex-w-100 wpex-clear\"><\/div>[\/vc_column][\/vc_row][vc_row][vc_column width=\u00a0\u00bb1\/2&Prime;][vc_column_text]\n<ul>\n<li>\n<h4><span style=\"font-size: 13px;\"><strong>Acheter une guitare<\/strong><\/span><\/h4>\n<\/li>\n<\/ul>\n<p style=\"padding-left: 40px;\">La guitare n&rsquo;est pas un intrument tr\u00e8s cher. Le prix d&rsquo;une guitare d&rsquo;entr\u00e9e de gamme est autour de 100\u20ac.<\/p>\n[\/vc_column_text]<div class=\"vcex-spacing wpex-w-100 wpex-clear\"><\/div>[vc_column_text]\n<ul>\n<li>\n<h4><span style=\"font-size: 13px;\"><strong>Magasins de musique en ligne<\/strong><\/span><\/h4>\n<\/li>\n<\/ul>\n<p style=\"padding-left: 40px;\"><em>Nous recommandons:<\/em><\/p>\n<p style=\"padding-left: 40px;\">Sheet Music Direct.<br \/><a class=\"text-blue underline focus-visible\" contenteditable=\"plaintext-only\" href=\"https:\/\/www.sheetmusicdirect.com\/\" target=\"_blank\" rel=\"noreferrer noopener\">https:\/\/www.sheetmusicdirect.com\/<\/a>[\/vc_column_text][\/vc_column][vc_column width=\u00a0\u00bb1\/2&Prime;][vc_column_text]\n<ul>\n<li>\n<h4><span style=\"font-size: 13px;\"><strong>Autre \u00e9quipement: le pupitre et le tuner<\/strong><\/span><\/h4>\n<\/li>\n<\/ul>\n<p style=\"padding-left: 40px;\">Les \u00e9l\u00e8ves ont besoin d&rsquo;un pupitre pour leurs cours et leur travail personnel. Le mieux est d&rsquo;avoir un pupitre solide \u00e0 la maison. Le pupitre pr\u00e9f\u00e9r\u00e9 des musiciens professionels est:<\/p>\n<p style=\"padding-left: 40px;\">-Manhasset Orchestral 50 (autour de 80\u20ac)<\/p>\n<p style=\"padding-left: 40px;\">ISi vous pr\u00e9f\u00e9rez un pupitre portable, nous recommandons:<\/p>\n<p style=\"padding-left: 40px;\">-K&amp;M 10810 (autour de 70\u20ac)<\/p>\n<p style=\"padding-left: 40px;\">Les \u00e9l\u00e8ves pourraient avoir besoin d\u2019un tuner pour accorder leur guitare (v\u00e9rifiez avec votre professeur avant d\u2019en acheter un).<\/p>\n[\/vc_column_text]<div class=\"vcex-spacing wpex-w-100 wpex-clear\"><\/div>[\/vc_column][\/vc_row][vc_column][\/vc_column][vc_column][\/vc_column]\n<\/div>","protected":false},"excerpt":{"rendered":"<p>[vc_row css_animation=\u00a0\u00bbtop-to-bottom\u00a0\u00bb bg_style=\u00a0\u00bbstretch\u00a0\u00bb video_bg_overlay=\u00a0\u00bbnone\u00a0\u00bb][vc_column width=\u00a0\u00bb1\/2&Prime;][vc_text_separator title=\u00a0\u00bbCours de guitare en ligne &#8211; Informations\u00a0\u00bb title_align=\u00a0\u00bbseparator_align_left\u00a0\u00bb color=\u00a0\u00bbcustom\u00a0\u00bb element_type=\u00a0\u00bbdiv\u00a0\u00bb accent_color=\u00a0\u00bb#8a2194&Prime;][vc_column_text] Nos cours de guitare en ligne sont ouverts aux \u00e9l\u00e8ves d\u00e9butants, interm\u00e9diaires et avanc\u00e9s de tous \u00e2ges. Nos professeurs travaillent avec vous le jour et \u00e0 l&rsquo;heure de votre choix afin que vous puissiez profiter vos cours de musique&hellip;<\/p>\n","protected":false},"author":2,"featured_media":9120,"parent":0,"menu_order":0,"comment_status":"closed","ping_status":"closed","template":"","meta":{"footnotes":""},"class_list":["post-10264","page","type-page","status-publish","has-post-thumbnail","hentry","entry","has-media"],"_links":{"self":[{"href":"https:\/\/americanconservatoryofparis.com\/fr\/wp-json\/wp\/v2\/pages\/10264","targetHints":{"allow":["GET"]}}],"collection":[{"href":"https:\/\/americanconservatoryofparis.com\/fr\/wp-json\/wp\/v2\/pages"}],"about":[{"href":"https:\/\/americanconservatoryofparis.com\/fr\/wp-json\/wp\/v2\/types\/page"}],"author":[{"embeddable":true,"href":"https:\/\/americanconservatoryofparis.com\/fr\/wp-json\/wp\/v2\/users\/2"}],"replies":[{"embeddable":true,"href":"https:\/\/americanconservatoryofparis.com\/fr\/wp-json\/wp\/v2\/comments?post=10264"}],"version-history":[{"count":0,"href":"https:\/\/americanconservatoryofparis.com\/fr\/wp-json\/wp\/v2\/pages\/10264\/revisions"}],"wp:featuredmedia":[{"embeddable":true,"href":"https:\/\/americanconservatoryofparis.com\/fr\/wp-json\/wp\/v2\/media\/9120"}],"wp:attachment":[{"href":"https:\/\/americanconservatoryofparis.com\/fr\/wp-json\/wp\/v2\/media?parent=10264"}],"curies":[{"name":"wp","href":"https:\/\/api.w.org\/{rel}","templated":true}]}}